{"id":95109,"date":"2017-08-02T09:18:30","date_gmt":"2017-08-02T09:18:30","guid":{"rendered":"http:\/\/www.ceramictiles.com\/srbija\/product\/porcelanske-plocice-aparici-build-ivory\/"},"modified":"2019-06-04T12:55:00","modified_gmt":"2019-06-04T12:55:00","slug":"porcelanske-plocice-aparici-build-ivory","status":"publish","type":"product","link":"https:\/\/www.keramika.com\/srbija\/porcelanske-plocice-aparici-build-ivory\/","title":{"rendered":"Porcelanske plo\u010dice Aparici Build Ivory"},"content":{"rendered":"<p>* Ovo je proizvod napravljen ru\u010dno.<br \/>\nZbog toga su tipi\u010dne varijacije senki, tekstura ili veli\u010dine.<\/p>\n<p>Boja plo\u010dica<br \/>\nBuild Vison, Build Ivori i Build Grei<br \/>\npakovanje<br \/>\n89,46&#215;89,46 cm &#8211; 5,22&#8243;x35,22&#8243; 0,8 m\u00b2 \/ Kutija; 1 komad \/ kutija; 21,91 kg \/ kutija<br \/>\n44.63&#215;89.46 cm &#8211; 17.57&#8243;x35.22&#8243; 1.198 m\u00b2 \/ Kutija; 3 komada \/ kutija; 30.289 kg \/ kutija<br \/>\n29,75&#215;59,55 cm &#8211; 11,71&#8243;x23,45&#8243; 1,063 m\u00b2 \/ Kutija; 6 komada \/ kutija; 24.427 Kg \/ kutija<\/p>\n<p>Podne plo\u010dice od 1.03 do 1.19 cm debljine<br \/>\n10 mm debljine je dovoljno za zahtevnije kupce. U izboru plo\u010dica bele boje, ne mo\u017eete pogre\u0161iti. Proizvodnja \u0160panije ,koja je poznata u svetu, kao jedana od najboljih proizvo\u0111a\u010da kerami\u010dkih plo\u010dica. Veli\u010dina plo\u010dice je 29,75&#215;59,55 cm i odli\u010dna je za razli\u010dite povr\u0161ine.<\/p>\n<p>Kliknite na ime serije za sve plo\u010dice u toj seriji: <a class=\"pdfcatal\" href=\"\/\/www.ceramictiles.com\/pdf\/aparici\/catalogue_aparici_build.pdf\">Aparici Build<\/a><\/p>\n","protected":false},"excerpt":{"rendered":"<p>Podne plo\u010dice od 1.03 do 1.19 cm debljine<\/p>\n","protected":false},"featured_media":95110,"template":"","meta":[],"product_cat":[99,999773,200,240,260,999,290,270],"product_tag":[99950100,99950098,99950099,99950097,99950091],"_links":{"self":[{"href":"https:\/\/www.keramika.com\/srbija\/wp-json\/wp\/v2\/product\/95109"}],"collection":[{"href":"https:\/\/www.keramika.com\/srbija\/wp-json\/wp\/v2\/product"}],"about":[{"href":"https:\/\/www.keramika.com\/srbija\/wp-json\/wp\/v2\/types\/product"}],"wp:featuredmedia":[{"embeddable":true,"href":"https:\/\/www.keramika.com\/srbija\/wp-json\/wp\/v2\/media\/95110"}],"wp:attachment":[{"href":"https:\/\/www.keramika.com\/srbija\/wp-json\/wp\/v2\/media?parent=95109"}],"wp:term":[{"taxonomy":"product_cat","embeddable":true,"href":"https:\/\/www.keramika.com\/srbija\/wp-json\/wp\/v2\/product_cat?post=95109"},{"taxonomy":"product_tag","embeddable":true,"href":"https:\/\/www.keramika.com\/srbija\/wp-json\/wp\/v2\/product_tag?post=95109"}],"curies":[{"name":"wp","href":"https:\/\/api.w.org\/{rel}","templated":true}]}}