{"id":95103,"date":"2017-07-02T09:17:35","date_gmt":"2017-07-02T09:17:35","guid":{"rendered":"http:\/\/www.ceramictiles.com\/srbija\/product\/podne-plocice-aparici-azularan-pulido\/"},"modified":"2017-07-02T09:17:35","modified_gmt":"2017-07-02T09:17:35","slug":"podne-plocice-aparici-azularan-pulido","status":"publish","type":"product","link":"https:\/\/www.keramika.com\/srbija\/podne-plocice-aparici-azularan-pulido\/","title":{"rendered":"Podne plo\u010dice Aparici Azularan Pulido"},"content":{"rendered":"<p>Plo\u010dice dolaze iz \u0160panije, koja je poznata po kvalitetnoj keramiki. \u0160irina i du\u017eina plo\u010dice su 100&#215;100 cm. 12 mm debljina \u0107e zadovoljiti i najzahtevnije kupce. Ta kolekcija, model plo\u010dice, se prodaje najvi\u0161e sive boje.<\/p>\n<p>Kliknite na ime serije za sve plo\u010dice u toj seriji: <a class=\"pdfcatal\" href=\"\/\/www.ceramictiles.com\/pdf\/aparici\/catalogue_aparici_azularan.pdf\" onclick=\"recordOutboundLink(this, 'E-mail', 'Description PDF');return false;\">Aparici Azularan<\/a><\/p>\n<p>Da bi naru\u010dili model iz PDF kataloga ove serije, molimo vas, da nas kontaktirate na: <a href=\"mailto:zo_mi@ceramictiles.com\" onclick=\"recordOutboundLink(this, 'E-mail', 'Description mail');return false;\">zo_mi@ceramictiles.com<\/a> ili nas pozovite na: For exact offer, PLS send us quantity and product you need with delivery address..<\/p>\n<p>Technical description: 89,46&#215;89,46<\/p>\n","protected":false},"excerpt":{"rendered":"<p>Plo\u010dice dolaze iz \u0160panije, koja je poznata po kvalitetnoj keramiki. \u0160irina i du\u017eina plo\u010dice su 100&#215;100 cm. 12 mm debljina \u0107e zadovoljiti i najzahtevnije kupce. Ta kolekcija, model plo\u010dice, se prodaje najvi\u0161e sive boje. Kliknite na ime serije za sve plo\u010dice u toj seriji: Aparici Azularan Da bi naru\u010dili model iz PDF kataloga ove serije, [&hellip;]<\/p>\n","protected":false},"featured_media":95104,"template":"","meta":[],"product_cat":[99,999773,999],"product_tag":[],"_links":{"self":[{"href":"https:\/\/www.keramika.com\/srbija\/wp-json\/wp\/v2\/product\/95103"}],"collection":[{"href":"https:\/\/www.keramika.com\/srbija\/wp-json\/wp\/v2\/product"}],"about":[{"href":"https:\/\/www.keramika.com\/srbija\/wp-json\/wp\/v2\/types\/product"}],"wp:featuredmedia":[{"embeddable":true,"href":"https:\/\/www.keramika.com\/srbija\/wp-json\/wp\/v2\/media\/95104"}],"wp:attachment":[{"href":"https:\/\/www.keramika.com\/srbija\/wp-json\/wp\/v2\/media?parent=95103"}],"wp:term":[{"taxonomy":"product_cat","embeddable":true,"href":"https:\/\/www.keramika.com\/srbija\/wp-json\/wp\/v2\/product_cat?post=95103"},{"taxonomy":"product_tag","embeddable":true,"href":"https:\/\/www.keramika.com\/srbija\/wp-json\/wp\/v2\/product_tag?post=95103"}],"curies":[{"name":"wp","href":"https:\/\/api.w.org\/{rel}","templated":true}]}}