{"id":95097,"date":"2017-07-02T09:16:39","date_gmt":"2017-07-02T09:16:39","guid":{"rendered":"http:\/\/www.ceramictiles.com\/srbija\/product\/porcelanske-plocice-zirconio-sv-stone-cream\/"},"modified":"2026-01-04T00:00:36","modified_gmt":"2026-01-04T00:00:36","slug":"porcelanske-plocice-zirconio-sv-stone-cream","status":"publish","type":"product","link":"https:\/\/www.keramika.com\/srbija\/porcelanske-plocice-zirconio-sv-stone-cream\/","title":{"rendered":"Porcelanske plo\u010dice Zirconio Sv Stone Cream"},"content":{"rendered":"<p>Keramika je prekrasne be\u017e boje. U koliko \u017eelite neku drugu boju, pozovite nas i mi \u0107emo proveriti kod proizvo\u0111a\u010da. Online cena je samo 5034,7 RSD, dok redovna, maloprodajna cena 6292,8 RSD. plo\u010dica proizvo\u0111a\u010da Zirconio iz \u0160panije. 12 mm debljine je dovoljno za zahtevnije kupce. Veli\u010dina 60&#215;120 cm je odli\u010dna za sve podloge.<\/p>\n<p>Kliknite na ime serije za sve plo\u010dice u toj seriji: <a class=\"pdfcatal\" href=\"\/\/www.ceramictiles.com\/pdf\/zirconio\/catalogue_zirconio_sv_stone.pdf\">Zirconio Sv Stone<\/a><\/p>\n<p>Da bi naru\u010dili model iz PDF kataloga ove serije, molimo vas, da nas kontaktirate na: <a href=\"mailto:zo_mi@ceramictiles.com\">zo_mi@ceramictiles.com<\/a> ili nas pozovite na: For exact offer, PLS send us quantity and product you need with delivery address..<\/p>\n","protected":false},"excerpt":{"rendered":"<p>Keramika je prekrasne be\u017e boje. U koliko \u017eelite neku drugu boju, pozovite nas i mi \u0107emo proveriti kod proizvo\u0111a\u010da. Online cena je samo 5034,7 RSD, dok redovna, maloprodajna cena 6292,8 RSD. plo\u010dica proizvo\u0111a\u010da Zirconio iz \u0160panije. 12 mm debljine je dovoljno za zahtevnije kupce. Veli\u010dina 60&#215;120 cm je odli\u010dna za sve podloge. Kliknite na ime [&hellip;]<\/p>\n","protected":false},"featured_media":95098,"template":"","meta":[],"product_cat":[999,999137],"product_tag":[],"_links":{"self":[{"href":"https:\/\/www.keramika.com\/srbija\/wp-json\/wp\/v2\/product\/95097"}],"collection":[{"href":"https:\/\/www.keramika.com\/srbija\/wp-json\/wp\/v2\/product"}],"about":[{"href":"https:\/\/www.keramika.com\/srbija\/wp-json\/wp\/v2\/types\/product"}],"wp:featuredmedia":[{"embeddable":true,"href":"https:\/\/www.keramika.com\/srbija\/wp-json\/wp\/v2\/media\/95098"}],"wp:attachment":[{"href":"https:\/\/www.keramika.com\/srbija\/wp-json\/wp\/v2\/media?parent=95097"}],"wp:term":[{"taxonomy":"product_cat","embeddable":true,"href":"https:\/\/www.keramika.com\/srbija\/wp-json\/wp\/v2\/product_cat?post=95097"},{"taxonomy":"product_tag","embeddable":true,"href":"https:\/\/www.keramika.com\/srbija\/wp-json\/wp\/v2\/product_tag?post=95097"}],"curies":[{"name":"wp","href":"https:\/\/api.w.org\/{rel}","templated":true}]}}