{"id":95093,"date":"2017-07-02T09:16:06","date_gmt":"2017-07-02T09:16:06","guid":{"rendered":"http:\/\/www.ceramictiles.com\/srbija\/product\/podne-plocice-zirconio-smooth-black\/"},"modified":"2026-01-04T00:00:35","modified_gmt":"2026-01-04T00:00:35","slug":"podne-plocice-zirconio-smooth-black","status":"publish","type":"product","link":"https:\/\/www.keramika.com\/srbija\/podne-plocice-zirconio-smooth-black\/","title":{"rendered":"Podne plo\u010dice Zirconio Smooth Black"},"content":{"rendered":"<p>Plo\u010dica 60&#215;120 cm je dobra za ve\u0107 razli\u010ditih namena. Umesto 6292,8 RSD \u0161to je redovna maloprodajna cena keramike, u na\u0161oj online prodavnici, je mo\u017eete dobiti za samo 5034,7 RSD. Proizvodnja \u0160panije ,koja je poznata u svetu, kao jedana od najboljih proizvo\u0111a\u010da kerami\u010dkih plo\u010dica. Izuzetno moderne plo\u010dice crne boje, osve\u017eit \u0107e svaki prostor. Plo\u010dica je debela 12 mm, \u0161to je ubraja u tvrde plo\u010dice.<\/p>\n<p>Kliknite na ime serije za sve plo\u010dice u toj seriji: <a class=\"pdfcatal\" href=\"\/\/www.ceramictiles.com\/pdf\/zirconio\/catalogue_zirconio_smooth.pdf\">Zirconio Smooth<\/a><\/p>\n<p>Da bi naru\u010dili model iz PDF kataloga ove serije, molimo vas, da nas kontaktirate na: <a href=\"mailto:zo_mi@ceramictiles.com\">zo_mi@ceramictiles.com<\/a> ili nas pozovite na: For exact offer, PLS send us quantity and product you need with delivery address..<\/p>\n","protected":false},"excerpt":{"rendered":"<p>Plo\u010dica 60&#215;120 cm je dobra za ve\u0107 razli\u010ditih namena. Umesto 6292,8 RSD \u0161to je redovna maloprodajna cena keramike, u na\u0161oj online prodavnici, je mo\u017eete dobiti za samo 5034,7 RSD. Proizvodnja \u0160panije ,koja je poznata u svetu, kao jedana od najboljih proizvo\u0111a\u010da kerami\u010dkih plo\u010dica. Izuzetno moderne plo\u010dice crne boje, osve\u017eit \u0107e svaki prostor. Plo\u010dica je debela [&hellip;]<\/p>\n","protected":false},"featured_media":95094,"template":"","meta":[],"product_cat":[999,999137],"product_tag":[],"_links":{"self":[{"href":"https:\/\/www.keramika.com\/srbija\/wp-json\/wp\/v2\/product\/95093"}],"collection":[{"href":"https:\/\/www.keramika.com\/srbija\/wp-json\/wp\/v2\/product"}],"about":[{"href":"https:\/\/www.keramika.com\/srbija\/wp-json\/wp\/v2\/types\/product"}],"wp:featuredmedia":[{"embeddable":true,"href":"https:\/\/www.keramika.com\/srbija\/wp-json\/wp\/v2\/media\/95094"}],"wp:attachment":[{"href":"https:\/\/www.keramika.com\/srbija\/wp-json\/wp\/v2\/media?parent=95093"}],"wp:term":[{"taxonomy":"product_cat","embeddable":true,"href":"https:\/\/www.keramika.com\/srbija\/wp-json\/wp\/v2\/product_cat?post=95093"},{"taxonomy":"product_tag","embeddable":true,"href":"https:\/\/www.keramika.com\/srbija\/wp-json\/wp\/v2\/product_tag?post=95093"}],"curies":[{"name":"wp","href":"https:\/\/api.w.org\/{rel}","templated":true}]}}