{"id":95091,"date":"2017-07-02T09:15:44","date_gmt":"2017-07-02T09:15:44","guid":{"rendered":"http:\/\/www.ceramictiles.com\/srbija\/product\/projekt-plocice-zirconio-rust-oxide\/"},"modified":"2026-01-04T00:00:35","modified_gmt":"2026-01-04T00:00:35","slug":"projekt-plocice-zirconio-rust-oxide","status":"publish","type":"product","link":"https:\/\/www.keramika.com\/srbija\/projekt-plocice-zirconio-rust-oxide\/","title":{"rendered":"Projekt plo\u010dice Zirconio Rust Oxide"},"content":{"rendered":"<p>Veli\u010dina plo\u010dice je 60&#215;120 cm i odli\u010dna je za razli\u010dite povr\u0161ine. Proizvodnja \u0160panije ,koja je poznata u svetu, kao jedana od najboljih proizvo\u0111a\u010da kerami\u010dkih plo\u010dica. Debljina plo\u010dice, je vrlo va\u017ena 12 mm i ubraja tu plo\u010dicu me\u0111u najkvalitetnije. Zbog ni\u017eih tro\u0161kova, online prodaje, Vi \u0107e te na na\u0161oj strani ove plo\u010de platiti samo 5529,2 RSD. Keramika je prekrasne sive boje. U koliko \u017eelite neku drugu boju, pozovite nas i mi \u0107emo proveriti kod proizvo\u0111a\u010da.<\/p>\n<p>Kliknite na ime serije za sve plo\u010dice u toj seriji: <a class=\"pdfcatal\" href=\"\/\/www.ceramictiles.com\/pdf\/zirconio\/catalogue_zirconio_rust.pdf\">Zirconio Rust<\/a><\/p>\n<p>Da bi naru\u010dili model iz PDF kataloga ove serije, molimo vas, da nas kontaktirate na: <a href=\"mailto:zo_mi@ceramictiles.com\">zo_mi@ceramictiles.com<\/a> ili nas pozovite na: For exact offer, PLS send us quantity and product you need with delivery address..<\/p>\n","protected":false},"excerpt":{"rendered":"<p>Veli\u010dina plo\u010dice je 60&#215;120 cm i odli\u010dna je za razli\u010dite povr\u0161ine. Proizvodnja \u0160panije ,koja je poznata u svetu, kao jedana od najboljih proizvo\u0111a\u010da kerami\u010dkih plo\u010dica. Debljina plo\u010dice, je vrlo va\u017ena 12 mm i ubraja tu plo\u010dicu me\u0111u najkvalitetnije. Zbog ni\u017eih tro\u0161kova, online prodaje, Vi \u0107e te na na\u0161oj strani ove plo\u010de platiti samo 5529,2 RSD. [&hellip;]<\/p>\n","protected":false},"featured_media":95092,"template":"","meta":[],"product_cat":[999,999137],"product_tag":[],"_links":{"self":[{"href":"https:\/\/www.keramika.com\/srbija\/wp-json\/wp\/v2\/product\/95091"}],"collection":[{"href":"https:\/\/www.keramika.com\/srbija\/wp-json\/wp\/v2\/product"}],"about":[{"href":"https:\/\/www.keramika.com\/srbija\/wp-json\/wp\/v2\/types\/product"}],"wp:featuredmedia":[{"embeddable":true,"href":"https:\/\/www.keramika.com\/srbija\/wp-json\/wp\/v2\/media\/95092"}],"wp:attachment":[{"href":"https:\/\/www.keramika.com\/srbija\/wp-json\/wp\/v2\/media?parent=95091"}],"wp:term":[{"taxonomy":"product_cat","embeddable":true,"href":"https:\/\/www.keramika.com\/srbija\/wp-json\/wp\/v2\/product_cat?post=95091"},{"taxonomy":"product_tag","embeddable":true,"href":"https:\/\/www.keramika.com\/srbija\/wp-json\/wp\/v2\/product_tag?post=95091"}],"curies":[{"name":"wp","href":"https:\/\/api.w.org\/{rel}","templated":true}]}}