{"id":95089,"date":"2017-07-02T09:15:25","date_gmt":"2017-07-02T09:15:25","guid":{"rendered":"http:\/\/www.ceramictiles.com\/srbija\/product\/keramika-za-restorane-zirconio-peak-beige\/"},"modified":"2026-01-04T00:00:35","modified_gmt":"2026-01-04T00:00:35","slug":"keramika-za-restorane-zirconio-peak-beige","status":"publish","type":"product","link":"https:\/\/www.keramika.com\/srbija\/keramika-za-restorane-zirconio-peak-beige\/","title":{"rendered":"Keramika za restorane Zirconio Peak Beige"},"content":{"rendered":"<p>Plo\u010dica 60&#215;120 cm je dobra za ve\u0107 razli\u010ditih namena. plo\u010dica proizvo\u0111a\u010da Zirconio iz \u0160panije. 12 mm debljine je dovoljno za zahtevnije kupce. Zirconio Peak Beige je dostupna po vrlo povoljnim cenama 5869,6 RSD. Ove be\u017e kerami\u010dke plo\u010dice, obogatit \u0107e svaki prostor.<\/p>\n<p>Kliknite na ime serije za sve plo\u010dice u toj seriji: <a class=\"pdfcatal\" href=\"\/\/www.ceramictiles.com\/pdf\/zirconio\/catalogue_zirconio_peak.pdf\">Zirconio Peak<\/a><\/p>\n<p>Da bi naru\u010dili model iz PDF kataloga ove serije, molimo vas, da nas kontaktirate na: <a href=\"mailto:zo_mi@ceramictiles.com\">zo_mi@ceramictiles.com<\/a> ili nas pozovite na: For exact offer, PLS send us quantity and product you need with delivery address..<\/p>\n","protected":false},"excerpt":{"rendered":"<p>Plo\u010dica 60&#215;120 cm je dobra za ve\u0107 razli\u010ditih namena. plo\u010dica proizvo\u0111a\u010da Zirconio iz \u0160panije. 12 mm debljine je dovoljno za zahtevnije kupce. Zirconio Peak Beige je dostupna po vrlo povoljnim cenama 5869,6 RSD. Ove be\u017e kerami\u010dke plo\u010dice, obogatit \u0107e svaki prostor. Kliknite na ime serije za sve plo\u010dice u toj seriji: Zirconio Peak Da bi [&hellip;]<\/p>\n","protected":false},"featured_media":95090,"template":"","meta":[],"product_cat":[999,999137],"product_tag":[99950099],"_links":{"self":[{"href":"https:\/\/www.keramika.com\/srbija\/wp-json\/wp\/v2\/product\/95089"}],"collection":[{"href":"https:\/\/www.keramika.com\/srbija\/wp-json\/wp\/v2\/product"}],"about":[{"href":"https:\/\/www.keramika.com\/srbija\/wp-json\/wp\/v2\/types\/product"}],"wp:featuredmedia":[{"embeddable":true,"href":"https:\/\/www.keramika.com\/srbija\/wp-json\/wp\/v2\/media\/95090"}],"wp:attachment":[{"href":"https:\/\/www.keramika.com\/srbija\/wp-json\/wp\/v2\/media?parent=95089"}],"wp:term":[{"taxonomy":"product_cat","embeddable":true,"href":"https:\/\/www.keramika.com\/srbija\/wp-json\/wp\/v2\/product_cat?post=95089"},{"taxonomy":"product_tag","embeddable":true,"href":"https:\/\/www.keramika.com\/srbija\/wp-json\/wp\/v2\/product_tag?post=95089"}],"curies":[{"name":"wp","href":"https:\/\/api.w.org\/{rel}","templated":true}]}}