{"id":95085,"date":"2017-07-02T09:14:48","date_gmt":"2017-07-02T09:14:48","guid":{"rendered":"http:\/\/www.ceramictiles.com\/srbija\/product\/zidne-plocice-zirconio-arcadia\/"},"modified":"2026-01-04T00:00:35","modified_gmt":"2026-01-04T00:00:35","slug":"zidne-plocice-zirconio-arcadia","status":"publish","type":"product","link":"https:\/\/www.keramika.com\/srbija\/zidne-plocice-zirconio-arcadia\/","title":{"rendered":"Zidne plo\u010dice Zirconio Arcadia"},"content":{"rendered":"<p>U maloprodaji bi morali za tu plo\u010dicu platiti 36317 RSD, online cena je samo 29053,6 RSD. Ta kolekcija, model plo\u010dice, se prodaje najvi\u0161e zlate boje. Plo\u010dica 60&#215;120 cm je dobra za ve\u0107 razli\u010ditih namena. 12 mm debljine je dovoljno za zahtevnije kupce. Proizvodnja \u0160panije ,koja je poznata u svetu, kao jedana od najboljih proizvo\u0111a\u010da kerami\u010dkih plo\u010dica.<\/p>\n<p>Kliknite na ime serije za sve plo\u010dice u toj seriji: <a class=\"pdfcatal\" href=\"\/\/www.ceramictiles.com\/pdf\/zirconio\/catalogue_zirconio_imperium.pdf\">Zirconio Imperium<\/a><\/p>\n<p>Da bi naru\u010dili model iz PDF kataloga ove serije, molimo vas, da nas kontaktirate na: <a href=\"mailto:zo_mi@ceramictiles.com\">zo_mi@ceramictiles.com<\/a> ili nas pozovite na: For exact offer, PLS send us quantity and product you need with delivery address..<\/p>\n","protected":false},"excerpt":{"rendered":"<p>U maloprodaji bi morali za tu plo\u010dicu platiti 36317 RSD, online cena je samo 29053,6 RSD. Ta kolekcija, model plo\u010dice, se prodaje najvi\u0161e zlate boje. Plo\u010dica 60&#215;120 cm je dobra za ve\u0107 razli\u010ditih namena. 12 mm debljine je dovoljno za zahtevnije kupce. Proizvodnja \u0160panije ,koja je poznata u svetu, kao jedana od najboljih proizvo\u0111a\u010da kerami\u010dkih [&hellip;]<\/p>\n","protected":false},"featured_media":95086,"template":"","meta":[],"product_cat":[999,999137],"product_tag":[],"_links":{"self":[{"href":"https:\/\/www.keramika.com\/srbija\/wp-json\/wp\/v2\/product\/95085"}],"collection":[{"href":"https:\/\/www.keramika.com\/srbija\/wp-json\/wp\/v2\/product"}],"about":[{"href":"https:\/\/www.keramika.com\/srbija\/wp-json\/wp\/v2\/types\/product"}],"wp:featuredmedia":[{"embeddable":true,"href":"https:\/\/www.keramika.com\/srbija\/wp-json\/wp\/v2\/media\/95086"}],"wp:attachment":[{"href":"https:\/\/www.keramika.com\/srbija\/wp-json\/wp\/v2\/media?parent=95085"}],"wp:term":[{"taxonomy":"product_cat","embeddable":true,"href":"https:\/\/www.keramika.com\/srbija\/wp-json\/wp\/v2\/product_cat?post=95085"},{"taxonomy":"product_tag","embeddable":true,"href":"https:\/\/www.keramika.com\/srbija\/wp-json\/wp\/v2\/product_tag?post=95085"}],"curies":[{"name":"wp","href":"https:\/\/api.w.org\/{rel}","templated":true}]}}