{"id":95081,"date":"2017-07-02T09:14:09","date_gmt":"2017-07-02T09:14:09","guid":{"rendered":"http:\/\/www.ceramictiles.com\/srbija\/product\/zidne-plocice-zirconio-essential-white\/"},"modified":"2026-01-04T00:00:34","modified_gmt":"2026-01-04T00:00:34","slug":"zidne-plocice-zirconio-essential-white","status":"publish","type":"product","link":"https:\/\/www.keramika.com\/srbija\/zidne-plocice-zirconio-essential-white\/","title":{"rendered":"Zidne plo\u010dice Zirconio Essential White"},"content":{"rendered":"<p>Plo\u010dice bele boje osvje\u017eit \u0107e svaki prostor. 12 mm debljina \u0107e zadovoljiti i najzahtevnije kupce. Redovna cena, ovih plo\u010dica u maloprodaji je 6292,8 RSD. U na\u0161oj online trgovini, je mo\u017eete kupiti za 5034,7 RSD. Plo\u010dica 60&#215;120 cm je dobra za ve\u0107 razli\u010ditih namena. Proizvodnja \u0160panije ,koja je poznata u svetu, kao jedana od najboljih proizvo\u0111a\u010da kerami\u010dkih plo\u010dica.<\/p>\n<p>Kliknite na ime serije za sve plo\u010dice u toj seriji: <a class=\"pdfcatal\" href=\"\/\/www.ceramictiles.com\/pdf\/zirconio\/catalogue_zirconio_essential.pdf\">Zirconio Essential<\/a><\/p>\n<p>Da bi naru\u010dili model iz PDF kataloga ove serije, molimo vas, da nas kontaktirate na: <a href=\"mailto:zo_mi@ceramictiles.com\">zo_mi@ceramictiles.com<\/a> ili nas pozovite na: For exact offer, PLS send us quantity and product you need with delivery address..<\/p>\n","protected":false},"excerpt":{"rendered":"<p>Plo\u010dice bele boje osvje\u017eit \u0107e svaki prostor. 12 mm debljina \u0107e zadovoljiti i najzahtevnije kupce. Redovna cena, ovih plo\u010dica u maloprodaji je 6292,8 RSD. U na\u0161oj online trgovini, je mo\u017eete kupiti za 5034,7 RSD. Plo\u010dica 60&#215;120 cm je dobra za ve\u0107 razli\u010ditih namena. Proizvodnja \u0160panije ,koja je poznata u svetu, kao jedana od najboljih proizvo\u0111a\u010da [&hellip;]<\/p>\n","protected":false},"featured_media":95082,"template":"","meta":[],"product_cat":[999,999137],"product_tag":[],"_links":{"self":[{"href":"https:\/\/www.keramika.com\/srbija\/wp-json\/wp\/v2\/product\/95081"}],"collection":[{"href":"https:\/\/www.keramika.com\/srbija\/wp-json\/wp\/v2\/product"}],"about":[{"href":"https:\/\/www.keramika.com\/srbija\/wp-json\/wp\/v2\/types\/product"}],"wp:featuredmedia":[{"embeddable":true,"href":"https:\/\/www.keramika.com\/srbija\/wp-json\/wp\/v2\/media\/95082"}],"wp:attachment":[{"href":"https:\/\/www.keramika.com\/srbija\/wp-json\/wp\/v2\/media?parent=95081"}],"wp:term":[{"taxonomy":"product_cat","embeddable":true,"href":"https:\/\/www.keramika.com\/srbija\/wp-json\/wp\/v2\/product_cat?post=95081"},{"taxonomy":"product_tag","embeddable":true,"href":"https:\/\/www.keramika.com\/srbija\/wp-json\/wp\/v2\/product_tag?post=95081"}],"curies":[{"name":"wp","href":"https:\/\/api.w.org\/{rel}","templated":true}]}}