{"id":95075,"date":"2017-07-02T09:13:14","date_gmt":"2017-07-02T09:13:14","guid":{"rendered":"http:\/\/www.ceramictiles.com\/srbija\/product\/zidne-plocice-zirconio-delft-bleu\/"},"modified":"2026-01-04T00:00:34","modified_gmt":"2026-01-04T00:00:34","slug":"zidne-plocice-zirconio-delft-bleu","status":"publish","type":"product","link":"https:\/\/www.keramika.com\/srbija\/zidne-plocice-zirconio-delft-bleu\/","title":{"rendered":"Zidne plo\u010dice Zirconio Delft Bleu"},"content":{"rendered":"<p>Plo\u010dica je debela 9 mm, \u0161to je ubraja u tvrde plo\u010dice. U izboru plo\u010dica plave boje, ne mo\u017eete pogre\u0161iti. Dimenzije ovih plo\u010dica su 30&#215;90 cm. Umesto 6008,75 RSD \u0161to je redovna maloprodajna cena keramike, u na\u0161oj online prodavnici, je mo\u017eete dobiti za samo 4807 RSD. plo\u010dica proizvo\u0111a\u010da Zirconio iz \u0160panije.<\/p>\n<p>Kliknite na ime serije za sve plo\u010dice u toj seriji: <a class=\"pdfcatal\" href=\"\/\/www.ceramictiles.com\/pdf\/zirconio\/catalogue_zirconio_cotton.pdf\">Zirconio Cotton<\/a><\/p>\n<p>Da bi naru\u010dili model iz PDF kataloga ove serije, molimo vas, da nas kontaktirate na: <a href=\"mailto:zo_mi@ceramictiles.com\">zo_mi@ceramictiles.com<\/a> ili nas pozovite na: For exact offer, PLS send us quantity and product you need with delivery address..<\/p>\n<p>Technical description: 28,5&#215;88,5<\/p>\n","protected":false},"excerpt":{"rendered":"<p>Plo\u010dica je debela 9 mm, \u0161to je ubraja u tvrde plo\u010dice. U izboru plo\u010dica plave boje, ne mo\u017eete pogre\u0161iti. Dimenzije ovih plo\u010dica su 30&#215;90 cm. Umesto 6008,75 RSD \u0161to je redovna maloprodajna cena keramike, u na\u0161oj online prodavnici, je mo\u017eete dobiti za samo 4807 RSD. plo\u010dica proizvo\u0111a\u010da Zirconio iz \u0160panije. Kliknite na ime serije za [&hellip;]<\/p>\n","protected":false},"featured_media":95076,"template":"","meta":[],"product_cat":[999,999137],"product_tag":[],"_links":{"self":[{"href":"https:\/\/www.keramika.com\/srbija\/wp-json\/wp\/v2\/product\/95075"}],"collection":[{"href":"https:\/\/www.keramika.com\/srbija\/wp-json\/wp\/v2\/product"}],"about":[{"href":"https:\/\/www.keramika.com\/srbija\/wp-json\/wp\/v2\/types\/product"}],"wp:featuredmedia":[{"embeddable":true,"href":"https:\/\/www.keramika.com\/srbija\/wp-json\/wp\/v2\/media\/95076"}],"wp:attachment":[{"href":"https:\/\/www.keramika.com\/srbija\/wp-json\/wp\/v2\/media?parent=95075"}],"wp:term":[{"taxonomy":"product_cat","embeddable":true,"href":"https:\/\/www.keramika.com\/srbija\/wp-json\/wp\/v2\/product_cat?post=95075"},{"taxonomy":"product_tag","embeddable":true,"href":"https:\/\/www.keramika.com\/srbija\/wp-json\/wp\/v2\/product_tag?post=95075"}],"curies":[{"name":"wp","href":"https:\/\/api.w.org\/{rel}","templated":true}]}}