{"id":95069,"date":"2017-07-02T09:12:21","date_gmt":"2017-07-02T09:12:21","guid":{"rendered":"http:\/\/www.ceramictiles.com\/srbija\/product\/ploscice-za-stepenice-zirconio-ca-marmo-white\/"},"modified":"2026-01-04T00:00:34","modified_gmt":"2026-01-04T00:00:34","slug":"ploscice-za-stepenice-zirconio-ca-marmo-white","status":"publish","type":"product","link":"https:\/\/www.keramika.com\/srbija\/ploscice-za-stepenice-zirconio-ca-marmo-white\/","title":{"rendered":"Plo\u0161\u010dice za stepenice Zirconio Ca Marmo White"},"content":{"rendered":"<p>U izboru plo\u010dica bele boje, ne mo\u017eete pogre\u0161iti. Redovna cena, ovih plo\u010dica u maloprodaji je 6292,8 RSD. U na\u0161oj online trgovini, je mo\u017eete kupiti za 5034,7 RSD. Zirconio Ca Marmo White je proizvod iz \u0160panije te je izuzetno kvalitetna. Veli\u010dina 60&#215;120 cm je odli\u010dna za sve podloge. 12 mm debljina \u0107e zadovoljiti i najzahtevnije kupce.<\/p>\n<p>Kliknite na ime serije za sve plo\u010dice u toj seriji: <a class=\"pdfcatal\" href=\"\/\/www.ceramictiles.com\/pdf\/zirconio\/catalogue_zirconio_ca_marmo.pdf\">Zirconio Ca Marmo<\/a><\/p>\n<p>Da bi naru\u010dili model iz PDF kataloga ove serije, molimo vas, da nas kontaktirate na: <a href=\"mailto:zo_mi@ceramictiles.com\">zo_mi@ceramictiles.com<\/a> ili nas pozovite na: For exact offer, PLS send us quantity and product you need with delivery address..<\/p>\n","protected":false},"excerpt":{"rendered":"<p>U izboru plo\u010dica bele boje, ne mo\u017eete pogre\u0161iti. Redovna cena, ovih plo\u010dica u maloprodaji je 6292,8 RSD. U na\u0161oj online trgovini, je mo\u017eete kupiti za 5034,7 RSD. Zirconio Ca Marmo White je proizvod iz \u0160panije te je izuzetno kvalitetna. Veli\u010dina 60&#215;120 cm je odli\u010dna za sve podloge. 12 mm debljina \u0107e zadovoljiti i najzahtevnije kupce. [&hellip;]<\/p>\n","protected":false},"featured_media":95070,"template":"","meta":[],"product_cat":[999,999137],"product_tag":[],"_links":{"self":[{"href":"https:\/\/www.keramika.com\/srbija\/wp-json\/wp\/v2\/product\/95069"}],"collection":[{"href":"https:\/\/www.keramika.com\/srbija\/wp-json\/wp\/v2\/product"}],"about":[{"href":"https:\/\/www.keramika.com\/srbija\/wp-json\/wp\/v2\/types\/product"}],"wp:featuredmedia":[{"embeddable":true,"href":"https:\/\/www.keramika.com\/srbija\/wp-json\/wp\/v2\/media\/95070"}],"wp:attachment":[{"href":"https:\/\/www.keramika.com\/srbija\/wp-json\/wp\/v2\/media?parent=95069"}],"wp:term":[{"taxonomy":"product_cat","embeddable":true,"href":"https:\/\/www.keramika.com\/srbija\/wp-json\/wp\/v2\/product_cat?post=95069"},{"taxonomy":"product_tag","embeddable":true,"href":"https:\/\/www.keramika.com\/srbija\/wp-json\/wp\/v2\/product_tag?post=95069"}],"curies":[{"name":"wp","href":"https:\/\/api.w.org\/{rel}","templated":true}]}}