{"id":95067,"date":"2017-07-02T09:12:04","date_gmt":"2017-07-02T09:12:04","guid":{"rendered":"http:\/\/www.ceramictiles.com\/srbija\/product\/podne-plocice-zirconio-basis-white\/"},"modified":"2026-01-04T00:00:34","modified_gmt":"2026-01-04T00:00:34","slug":"podne-plocice-zirconio-basis-white","status":"publish","type":"product","link":"https:\/\/www.keramika.com\/srbija\/podne-plocice-zirconio-basis-white\/","title":{"rendered":"Podne plo\u010dice Zirconio Basis White"},"content":{"rendered":"<p>Plo\u010dica 60&#215;120 cm je dobra za ve\u0107 razli\u010ditih namena. Ova plo\u010dica je debela 12 mm i zato je izuzetno izdr\u017eljiva. Izuzetno moderne plo\u010dice bele boje, osve\u017eit \u0107e svaki prostor. Zirconio Basis White je proizvod iz \u0160panije te je izuzetno kvalitetna. U maloprodaji bi morali za tu plo\u010dicu platiti 6292,8 RSD, online cena je samo 5034,7 RSD.<\/p>\n<p>Kliknite na ime serije za sve plo\u010dice u toj seriji: <a class=\"pdfcatal\" href=\"\/\/www.ceramictiles.com\/pdf\/zirconio\/catalogue_zirconio_basis.pdf\">Zirconio Basis<\/a><\/p>\n<p>Da bi naru\u010dili model iz PDF kataloga ove serije, molimo vas, da nas kontaktirate na: <a href=\"mailto:zo_mi@ceramictiles.com\">zo_mi@ceramictiles.com<\/a> ili nas pozovite na: For exact offer, PLS send us quantity and product you need with delivery address..<\/p>\n","protected":false},"excerpt":{"rendered":"<p>Plo\u010dica 60&#215;120 cm je dobra za ve\u0107 razli\u010ditih namena. Ova plo\u010dica je debela 12 mm i zato je izuzetno izdr\u017eljiva. Izuzetno moderne plo\u010dice bele boje, osve\u017eit \u0107e svaki prostor. Zirconio Basis White je proizvod iz \u0160panije te je izuzetno kvalitetna. U maloprodaji bi morali za tu plo\u010dicu platiti 6292,8 RSD, online cena je samo 5034,7 [&hellip;]<\/p>\n","protected":false},"featured_media":95068,"template":"","meta":[],"product_cat":[999,999137],"product_tag":[],"_links":{"self":[{"href":"https:\/\/www.keramika.com\/srbija\/wp-json\/wp\/v2\/product\/95067"}],"collection":[{"href":"https:\/\/www.keramika.com\/srbija\/wp-json\/wp\/v2\/product"}],"about":[{"href":"https:\/\/www.keramika.com\/srbija\/wp-json\/wp\/v2\/types\/product"}],"wp:featuredmedia":[{"embeddable":true,"href":"https:\/\/www.keramika.com\/srbija\/wp-json\/wp\/v2\/media\/95068"}],"wp:attachment":[{"href":"https:\/\/www.keramika.com\/srbija\/wp-json\/wp\/v2\/media?parent=95067"}],"wp:term":[{"taxonomy":"product_cat","embeddable":true,"href":"https:\/\/www.keramika.com\/srbija\/wp-json\/wp\/v2\/product_cat?post=95067"},{"taxonomy":"product_tag","embeddable":true,"href":"https:\/\/www.keramika.com\/srbija\/wp-json\/wp\/v2\/product_tag?post=95067"}],"curies":[{"name":"wp","href":"https:\/\/api.w.org\/{rel}","templated":true}]}}