{"id":95063,"date":"2017-07-02T09:11:26","date_gmt":"2017-07-02T09:11:26","guid":{"rendered":"http:\/\/www.ceramictiles.com\/srbija\/product\/plocice-za-kupatilo-zirconio-air-green\/"},"modified":"2026-01-04T00:00:33","modified_gmt":"2026-01-04T00:00:33","slug":"plocice-za-kupatilo-zirconio-air-green","status":"publish","type":"product","link":"https:\/\/www.keramika.com\/srbija\/plocice-za-kupatilo-zirconio-air-green\/","title":{"rendered":"Plo\u010dice za kupatilo Zirconio Air Green"},"content":{"rendered":"<p>Online cena je samo 2923,3 RSD, dok redovna, maloprodajna cena 3654,7 RSD. Izuzetno moderne plo\u010dice zelene boje, osve\u017eit \u0107e svaki prostor. 9 mm debljina \u0107e zadovoljiti i najzahtevnije kupce. \u0160irina i du\u017eina plo\u010dice su 30&#215;60 cm. Ove plo\u010dice dolaze od proizvo\u0111a\u010da Zirconio, iz \u0160panije.<\/p>\n<p>Kliknite na ime serije za sve plo\u010dice u toj seriji: <a class=\"pdfcatal\" href=\"\/\/www.ceramictiles.com\/pdf\/zirconio\/catalogue_zirconio_air.pdf\">Zirconio Air<\/a><\/p>\n<p>Da bi naru\u010dili model iz PDF kataloga ove serije, molimo vas, da nas kontaktirate na: <a href=\"mailto:zo_mi@ceramictiles.com\">zo_mi@ceramictiles.com<\/a> ili nas pozovite na: For exact offer, PLS send us quantity and product you need with delivery address..<\/p>\n<p>Technical description: 25&#215;66,6<\/p>\n","protected":false},"excerpt":{"rendered":"<p>Online cena je samo 2923,3 RSD, dok redovna, maloprodajna cena 3654,7 RSD. Izuzetno moderne plo\u010dice zelene boje, osve\u017eit \u0107e svaki prostor. 9 mm debljina \u0107e zadovoljiti i najzahtevnije kupce. \u0160irina i du\u017eina plo\u010dice su 30&#215;60 cm. Ove plo\u010dice dolaze od proizvo\u0111a\u010da Zirconio, iz \u0160panije. Kliknite na ime serije za sve plo\u010dice u toj seriji: Zirconio [&hellip;]<\/p>\n","protected":false},"featured_media":95064,"template":"","meta":[],"product_cat":[999,999137],"product_tag":[],"_links":{"self":[{"href":"https:\/\/www.keramika.com\/srbija\/wp-json\/wp\/v2\/product\/95063"}],"collection":[{"href":"https:\/\/www.keramika.com\/srbija\/wp-json\/wp\/v2\/product"}],"about":[{"href":"https:\/\/www.keramika.com\/srbija\/wp-json\/wp\/v2\/types\/product"}],"wp:featuredmedia":[{"embeddable":true,"href":"https:\/\/www.keramika.com\/srbija\/wp-json\/wp\/v2\/media\/95064"}],"wp:attachment":[{"href":"https:\/\/www.keramika.com\/srbija\/wp-json\/wp\/v2\/media?parent=95063"}],"wp:term":[{"taxonomy":"product_cat","embeddable":true,"href":"https:\/\/www.keramika.com\/srbija\/wp-json\/wp\/v2\/product_cat?post=95063"},{"taxonomy":"product_tag","embeddable":true,"href":"https:\/\/www.keramika.com\/srbija\/wp-json\/wp\/v2\/product_tag?post=95063"}],"curies":[{"name":"wp","href":"https:\/\/api.w.org\/{rel}","templated":true}]}}