{"id":94971,"date":"2017-07-02T08:56:44","date_gmt":"2017-07-02T08:56:44","guid":{"rendered":"http:\/\/www.ceramictiles.com\/srbija\/product\/staklene-mozaik-plocice-hd-exteriors06_2\/"},"modified":"2026-01-04T00:00:26","modified_gmt":"2026-01-04T00:00:26","slug":"staklene-mozaik-plocice-hd-exteriors06_2","status":"publish","type":"product","link":"https:\/\/www.keramika.com\/srbija\/staklene-mozaik-plocice-hd-exteriors06_2\/","title":{"rendered":"Staklene mozaik plo\u010dice hd exteriors06_2"},"content":{"rendered":"<p>Glass mosaic hd exteriors06_2 je proizvod iz \u0160panije te je izuzetno kvalitetna. 5 mm debljine je dovoljno za zahtevnije kupce. Veoma moderan mozaik, dominantne bele boje, oboga\u0107uje savki prostor. Veli\u010dina 31,6&#215;31,6 cm mre\u017ee, na koju su pritvr\u0111ene mozaik plo\u010dice, je odli\u010dna za pokrivanje povr\u0161ine. 71875 RSD je redovna prodajna cena keramike, tu pa samo 57500 RSD.<\/p>\n<p>Unikatni mozaik !<br \/>Po\u0161aljite nam va\u0161u fotografiju. Vrhunska tehnologiji izrade mozaika omogu\u0107ava da tu sliku prenesemo u HD kvaliteti u staklene plo\u010dice. Mozaik plo\u010dice su prakti\u010dno ne uni\u0161tive.<br \/>Va\u0161a lepota ostaje za uvek.<\/p>\n<p>Technical description: High definition mosaic \u2013 For a project or for your bathroom, high definition mosaic is a great way to get ceramics exactly as you want it, completely unique! How does it work? You send us any picture by your desire and we impetrate it into glass mosaic.<\/p>\n","protected":false},"excerpt":{"rendered":"<p>Glass mosaic hd exteriors06_2 je proizvod iz \u0160panije te je izuzetno kvalitetna. 5 mm debljine je dovoljno za zahtevnije kupce. Veoma moderan mozaik, dominantne bele boje, oboga\u0107uje savki prostor. Veli\u010dina 31,6&#215;31,6 cm mre\u017ee, na koju su pritvr\u0111ene mozaik plo\u010dice, je odli\u010dna za pokrivanje povr\u0161ine. 71875 RSD je redovna prodajna cena keramike, tu pa samo 57500 [&hellip;]<\/p>\n","protected":false},"featured_media":94972,"template":"","meta":[],"product_cat":[999405,999,300],"product_tag":[],"_links":{"self":[{"href":"https:\/\/www.keramika.com\/srbija\/wp-json\/wp\/v2\/product\/94971"}],"collection":[{"href":"https:\/\/www.keramika.com\/srbija\/wp-json\/wp\/v2\/product"}],"about":[{"href":"https:\/\/www.keramika.com\/srbija\/wp-json\/wp\/v2\/types\/product"}],"wp:featuredmedia":[{"embeddable":true,"href":"https:\/\/www.keramika.com\/srbija\/wp-json\/wp\/v2\/media\/94972"}],"wp:attachment":[{"href":"https:\/\/www.keramika.com\/srbija\/wp-json\/wp\/v2\/media?parent=94971"}],"wp:term":[{"taxonomy":"product_cat","embeddable":true,"href":"https:\/\/www.keramika.com\/srbija\/wp-json\/wp\/v2\/product_cat?post=94971"},{"taxonomy":"product_tag","embeddable":true,"href":"https:\/\/www.keramika.com\/srbija\/wp-json\/wp\/v2\/product_tag?post=94971"}],"curies":[{"name":"wp","href":"https:\/\/api.w.org\/{rel}","templated":true}]}}