{"id":94965,"date":"2017-07-02T08:55:25","date_gmt":"2017-07-02T08:55:25","guid":{"rendered":"http:\/\/www.ceramictiles.com\/srbija\/product\/staklene-mozaik-plocice-hd-exteriors05_5\/"},"modified":"2026-01-04T00:00:26","modified_gmt":"2026-01-04T00:00:26","slug":"staklene-mozaik-plocice-hd-exteriors05_5","status":"publish","type":"product","link":"https:\/\/www.keramika.com\/srbija\/staklene-mozaik-plocice-hd-exteriors05_5\/","title":{"rendered":"Staklene mozaik plo\u010dice hd exteriors05_5"},"content":{"rendered":"<p>Debljina plo\u010dice je vrlo va\u017ena, 5 mm &#8211; mozaik spada me\u0111u najkvalitetnije. Naj vi\u0161e se prodaju bele mozik plo\u010dice. Glass mosaic hd exteriors05_5 je proizvod iz \u0160panije te je izuzetno kvalitetna. Veli\u010dina mre\u017ee sa mozaikom je 31,6&#215;31,6 cm, \u0161to omogu\u0107ava jednostavnu ugradnju. Redovna cena tog mozaika u maloprodaji je 71875 RSD, a u na\u0161oj online trgovini, ga mo\u017eete dobiti za 57500 RSD.<\/p>\n<p>Unikatni mozaik !<br \/>Po\u0161aljite nam va\u0161u fotografiju. Vrhunska tehnologiji izrade mozaika omogu\u0107ava da tu sliku prenesemo u HD kvaliteti u staklene plo\u010dice. Mozaik plo\u010dice su prakti\u010dno ne uni\u0161tive.<br \/>Va\u0161a lepota ostaje za uvek.<\/p>\n<p>Technical description: High definition mosaic \u2013 For a project or for your bathroom, high definition mosaic is a great way to get ceramics exactly as you want it, completely unique! How does it work? You send us any picture by your desire and we impetrate it into glass mosaic.<\/p>\n","protected":false},"excerpt":{"rendered":"<p>Debljina plo\u010dice je vrlo va\u017ena, 5 mm &#8211; mozaik spada me\u0111u najkvalitetnije. Naj vi\u0161e se prodaju bele mozik plo\u010dice. Glass mosaic hd exteriors05_5 je proizvod iz \u0160panije te je izuzetno kvalitetna. Veli\u010dina mre\u017ee sa mozaikom je 31,6&#215;31,6 cm, \u0161to omogu\u0107ava jednostavnu ugradnju. Redovna cena tog mozaika u maloprodaji je 71875 RSD, a u na\u0161oj online [&hellip;]<\/p>\n","protected":false},"featured_media":94966,"template":"","meta":[],"product_cat":[999405,999,300],"product_tag":[],"_links":{"self":[{"href":"https:\/\/www.keramika.com\/srbija\/wp-json\/wp\/v2\/product\/94965"}],"collection":[{"href":"https:\/\/www.keramika.com\/srbija\/wp-json\/wp\/v2\/product"}],"about":[{"href":"https:\/\/www.keramika.com\/srbija\/wp-json\/wp\/v2\/types\/product"}],"wp:featuredmedia":[{"embeddable":true,"href":"https:\/\/www.keramika.com\/srbija\/wp-json\/wp\/v2\/media\/94966"}],"wp:attachment":[{"href":"https:\/\/www.keramika.com\/srbija\/wp-json\/wp\/v2\/media?parent=94965"}],"wp:term":[{"taxonomy":"product_cat","embeddable":true,"href":"https:\/\/www.keramika.com\/srbija\/wp-json\/wp\/v2\/product_cat?post=94965"},{"taxonomy":"product_tag","embeddable":true,"href":"https:\/\/www.keramika.com\/srbija\/wp-json\/wp\/v2\/product_tag?post=94965"}],"curies":[{"name":"wp","href":"https:\/\/api.w.org\/{rel}","templated":true}]}}