{"id":94961,"date":"2017-07-02T08:54:45","date_gmt":"2017-07-02T08:54:45","guid":{"rendered":"http:\/\/www.ceramictiles.com\/srbija\/product\/staklene-mozaik-plocice-hd-exteriors05_3\/"},"modified":"2026-01-04T00:00:25","modified_gmt":"2026-01-04T00:00:25","slug":"staklene-mozaik-plocice-hd-exteriors05_3","status":"publish","type":"product","link":"https:\/\/www.keramika.com\/srbija\/staklene-mozaik-plocice-hd-exteriors05_3\/","title":{"rendered":"Staklene mozaik plo\u010dice hd exteriors05_3"},"content":{"rendered":"<p>Glass mosaic hd exteriors05_3 dolazi iz \u0160panije, koja je poznata po vrlo visokoj kvaliteta keramike u svetu. Ove lepe, mozaik plo\u010dice bele boje, \u0107e obogatiti svaki prostor. Veli\u010dina mre\u017ee sa mozaikom je 31,6&#215;31,6 cm, \u0161to omogu\u0107ava jednostavnu ugradnju. Debljina plo\u010dice je vrlo va\u017ena, 5 mm &#8211; mozaik spada me\u0111u najkvalitetnije. Zaradi ni\u017eih tro\u0161kova kod internetne prodaje, \u0107e te na na\u0161oj strani za taj mozaik platiti 57500 RSD.<\/p>\n<p>Unikatni mozaik !<br \/>Po\u0161aljite nam va\u0161u fotografiju. Vrhunska tehnologiji izrade mozaika omogu\u0107ava da tu sliku prenesemo u HD kvaliteti u staklene plo\u010dice. Mozaik plo\u010dice su prakti\u010dno ne uni\u0161tive.<br \/>Va\u0161a lepota ostaje za uvek.<\/p>\n<p>Technical description: High definition mosaic \u2013 For a project or for your bathroom, high definition mosaic is a great way to get ceramics exactly as you want it, completely unique! How does it work? You send us any picture by your desire and we impetrate it into glass mosaic.<\/p>\n","protected":false},"excerpt":{"rendered":"<p>Glass mosaic hd exteriors05_3 dolazi iz \u0160panije, koja je poznata po vrlo visokoj kvaliteta keramike u svetu. Ove lepe, mozaik plo\u010dice bele boje, \u0107e obogatiti svaki prostor. Veli\u010dina mre\u017ee sa mozaikom je 31,6&#215;31,6 cm, \u0161to omogu\u0107ava jednostavnu ugradnju. Debljina plo\u010dice je vrlo va\u017ena, 5 mm &#8211; mozaik spada me\u0111u najkvalitetnije. Zaradi ni\u017eih tro\u0161kova kod internetne [&hellip;]<\/p>\n","protected":false},"featured_media":94962,"template":"","meta":[],"product_cat":[999405,999,300],"product_tag":[],"_links":{"self":[{"href":"https:\/\/www.keramika.com\/srbija\/wp-json\/wp\/v2\/product\/94961"}],"collection":[{"href":"https:\/\/www.keramika.com\/srbija\/wp-json\/wp\/v2\/product"}],"about":[{"href":"https:\/\/www.keramika.com\/srbija\/wp-json\/wp\/v2\/types\/product"}],"wp:featuredmedia":[{"embeddable":true,"href":"https:\/\/www.keramika.com\/srbija\/wp-json\/wp\/v2\/media\/94962"}],"wp:attachment":[{"href":"https:\/\/www.keramika.com\/srbija\/wp-json\/wp\/v2\/media?parent=94961"}],"wp:term":[{"taxonomy":"product_cat","embeddable":true,"href":"https:\/\/www.keramika.com\/srbija\/wp-json\/wp\/v2\/product_cat?post=94961"},{"taxonomy":"product_tag","embeddable":true,"href":"https:\/\/www.keramika.com\/srbija\/wp-json\/wp\/v2\/product_tag?post=94961"}],"curies":[{"name":"wp","href":"https:\/\/api.w.org\/{rel}","templated":true}]}}