{"id":94943,"date":"2017-07-02T08:51:47","date_gmt":"2017-07-02T08:51:47","guid":{"rendered":"http:\/\/www.ceramictiles.com\/srbija\/product\/staklene-mozaik-plocice-hd-decoration08_4\/"},"modified":"2026-01-04T00:00:24","modified_gmt":"2026-01-04T00:00:24","slug":"staklene-mozaik-plocice-hd-decoration08_4","status":"publish","type":"product","link":"https:\/\/www.keramika.com\/srbija\/staklene-mozaik-plocice-hd-decoration08_4\/","title":{"rendered":"Staklene mozaik plo\u010dice hd decoration08_4"},"content":{"rendered":"<p>Veoma moderan mozaik, dominantne bele boje, oboga\u0107uje savki prostor. 5 mm debljina \u0107e zadovoljiti i najzahtevnije kupce. Mozaik je iz \u0160panije , koja je poznata u svetu kao jedan od najboljih proizvo\u0111a\u010da mozaik plo\u010dica. 71875 RSD je redovna prodajna cena keramike, tu pa samo 57500 RSD. Veli\u010dina 31,6&#215;31,6 cm mre\u017ee, na koju su pritvr\u0111ene mozaik plo\u010dice, je odli\u010dna za pokrivanje povr\u0161ine.<\/p>\n<p>Unikatni mozaik !<br \/>Po\u0161aljite nam va\u0161u fotografiju. Vrhunska tehnologiji izrade mozaika omogu\u0107ava da tu sliku prenesemo u HD kvaliteti u staklene plo\u010dice. Mozaik plo\u010dice su prakti\u010dno ne uni\u0161tive.<br \/>Va\u0161a lepota ostaje za uvek.<\/p>\n<p>Technical description: High definition mosaic \u2013 For a project or for your bathroom, high definition mosaic is a great way to get ceramics exactly as you want it, completely unique! How does it work? You send us any picture by your desire and we impetrate it into glass mosaic.<\/p>\n","protected":false},"excerpt":{"rendered":"<p>Veoma moderan mozaik, dominantne bele boje, oboga\u0107uje savki prostor. 5 mm debljina \u0107e zadovoljiti i najzahtevnije kupce. Mozaik je iz \u0160panije , koja je poznata u svetu kao jedan od najboljih proizvo\u0111a\u010da mozaik plo\u010dica. 71875 RSD je redovna prodajna cena keramike, tu pa samo 57500 RSD. Veli\u010dina 31,6&#215;31,6 cm mre\u017ee, na koju su pritvr\u0111ene mozaik [&hellip;]<\/p>\n","protected":false},"featured_media":94944,"template":"","meta":[],"product_cat":[999405,999,300],"product_tag":[],"_links":{"self":[{"href":"https:\/\/www.keramika.com\/srbija\/wp-json\/wp\/v2\/product\/94943"}],"collection":[{"href":"https:\/\/www.keramika.com\/srbija\/wp-json\/wp\/v2\/product"}],"about":[{"href":"https:\/\/www.keramika.com\/srbija\/wp-json\/wp\/v2\/types\/product"}],"wp:featuredmedia":[{"embeddable":true,"href":"https:\/\/www.keramika.com\/srbija\/wp-json\/wp\/v2\/media\/94944"}],"wp:attachment":[{"href":"https:\/\/www.keramika.com\/srbija\/wp-json\/wp\/v2\/media?parent=94943"}],"wp:term":[{"taxonomy":"product_cat","embeddable":true,"href":"https:\/\/www.keramika.com\/srbija\/wp-json\/wp\/v2\/product_cat?post=94943"},{"taxonomy":"product_tag","embeddable":true,"href":"https:\/\/www.keramika.com\/srbija\/wp-json\/wp\/v2\/product_tag?post=94943"}],"curies":[{"name":"wp","href":"https:\/\/api.w.org\/{rel}","templated":true}]}}