{"id":94941,"date":"2017-07-02T08:51:25","date_gmt":"2017-07-02T08:51:25","guid":{"rendered":"http:\/\/www.ceramictiles.com\/srbija\/product\/staklene-mozaik-plocice-hd-decoration08_3\/"},"modified":"2026-01-04T00:00:24","modified_gmt":"2026-01-04T00:00:24","slug":"staklene-mozaik-plocice-hd-decoration08_3","status":"publish","type":"product","link":"https:\/\/www.keramika.com\/srbija\/staklene-mozaik-plocice-hd-decoration08_3\/","title":{"rendered":"Staklene mozaik plo\u010dice hd decoration08_3"},"content":{"rendered":"<p>Ovaj mozaik je dostupan u prekrasnoj bele dominantnoj boji. Ako \u017eelite da razli\u010dite boje kontaktirajte nas i mi \u0107emo proveriti kod proizvo\u0111a\u010da. Debljina od 5 mm ovog mozaika ga \u010dini vrlo izdr\u017eljivim i prijatnim na dodir. Mozaik je iz \u0160panije , koja je poznata u svetu kao jedan od najboljih proizvo\u0111a\u010da mozaik plo\u010dica. 71875 RSD je redovna prodajna cena keramike, tu pa samo 57500 RSD. Dimenzije mre\u017ee na koju je pritvr\u0111en mozaik je 31,6&#215;31,6 cm. Mre\u017ea omogu\u0107ava jednostavnu instalaciju.<\/p>\n<p>Unikatni mozaik !<br \/>Po\u0161aljite nam va\u0161u fotografiju. Vrhunska tehnologiji izrade mozaika omogu\u0107ava da tu sliku prenesemo u HD kvaliteti u staklene plo\u010dice. Mozaik plo\u010dice su prakti\u010dno ne uni\u0161tive.<br \/>Va\u0161a lepota ostaje za uvek.<\/p>\n<p>Technical description: High definition mosaic \u2013 For a project or for your bathroom, high definition mosaic is a great way to get ceramics exactly as you want it, completely unique! How does it work? You send us any picture by your desire and we impetrate it into glass mosaic.<\/p>\n","protected":false},"excerpt":{"rendered":"<p>Ovaj mozaik je dostupan u prekrasnoj bele dominantnoj boji. Ako \u017eelite da razli\u010dite boje kontaktirajte nas i mi \u0107emo proveriti kod proizvo\u0111a\u010da. Debljina od 5 mm ovog mozaika ga \u010dini vrlo izdr\u017eljivim i prijatnim na dodir. Mozaik je iz \u0160panije , koja je poznata u svetu kao jedan od najboljih proizvo\u0111a\u010da mozaik plo\u010dica. 71875 RSD [&hellip;]<\/p>\n","protected":false},"featured_media":94942,"template":"","meta":[],"product_cat":[999405,999,300],"product_tag":[],"_links":{"self":[{"href":"https:\/\/www.keramika.com\/srbija\/wp-json\/wp\/v2\/product\/94941"}],"collection":[{"href":"https:\/\/www.keramika.com\/srbija\/wp-json\/wp\/v2\/product"}],"about":[{"href":"https:\/\/www.keramika.com\/srbija\/wp-json\/wp\/v2\/types\/product"}],"wp:featuredmedia":[{"embeddable":true,"href":"https:\/\/www.keramika.com\/srbija\/wp-json\/wp\/v2\/media\/94942"}],"wp:attachment":[{"href":"https:\/\/www.keramika.com\/srbija\/wp-json\/wp\/v2\/media?parent=94941"}],"wp:term":[{"taxonomy":"product_cat","embeddable":true,"href":"https:\/\/www.keramika.com\/srbija\/wp-json\/wp\/v2\/product_cat?post=94941"},{"taxonomy":"product_tag","embeddable":true,"href":"https:\/\/www.keramika.com\/srbija\/wp-json\/wp\/v2\/product_tag?post=94941"}],"curies":[{"name":"wp","href":"https:\/\/api.w.org\/{rel}","templated":true}]}}