{"id":94931,"date":"2017-07-02T08:49:44","date_gmt":"2017-07-02T08:49:44","guid":{"rendered":"http:\/\/www.ceramictiles.com\/srbija\/product\/staklene-mozaik-plocice-hd-decoration07_3\/"},"modified":"2026-01-04T00:00:23","modified_gmt":"2026-01-04T00:00:23","slug":"staklene-mozaik-plocice-hd-decoration07_3","status":"publish","type":"product","link":"https:\/\/www.keramika.com\/srbija\/staklene-mozaik-plocice-hd-decoration07_3\/","title":{"rendered":"Staklene mozaik plo\u010dice hd decoration07_3"},"content":{"rendered":"<p>Na na\u0161em sajtu, \u0107e te dobiti mozaik za samo 57500 RSD, dok je u maloprodaji 71875 RSD. Dimenzije mre\u017ee na koju je pritvr\u0111en mozaik je 31,6&#215;31,6 cm. Mre\u017ea omogu\u0107ava jednostavnu instalaciju. Plo\u010dice bele boje osvje\u017eit \u0107e svaki prostor. Debljina plo\u010dice je vrlo va\u017ena, 5 mm &#8211; mozaik spada me\u0111u najkvalitetnije. Mozaik je iz \u0160panije , koja je poznata u svetu kao jedan od najboljih proizvo\u0111a\u010da mozaik plo\u010dica.<\/p>\n<p>Unikatni mozaik !<br \/>Po\u0161aljite nam va\u0161u fotografiju. Vrhunska tehnologiji izrade mozaika omogu\u0107ava da tu sliku prenesemo u HD kvaliteti u staklene plo\u010dice. Mozaik plo\u010dice su prakti\u010dno ne uni\u0161tive.<br \/>Va\u0161a lepota ostaje za uvek.<\/p>\n<p>Technical description: High definition mosaic \u2013 For a project or for your bathroom, high definition mosaic is a great way to get ceramics exactly as you want it, completely unique! How does it work? You send us any picture by your desire and we impetrate it into glass mosaic.<\/p>\n","protected":false},"excerpt":{"rendered":"<p>Na na\u0161em sajtu, \u0107e te dobiti mozaik za samo 57500 RSD, dok je u maloprodaji 71875 RSD. Dimenzije mre\u017ee na koju je pritvr\u0111en mozaik je 31,6&#215;31,6 cm. Mre\u017ea omogu\u0107ava jednostavnu instalaciju. Plo\u010dice bele boje osvje\u017eit \u0107e svaki prostor. Debljina plo\u010dice je vrlo va\u017ena, 5 mm &#8211; mozaik spada me\u0111u najkvalitetnije. Mozaik je iz \u0160panije , [&hellip;]<\/p>\n","protected":false},"featured_media":94932,"template":"","meta":[],"product_cat":[999405,999,300],"product_tag":[],"_links":{"self":[{"href":"https:\/\/www.keramika.com\/srbija\/wp-json\/wp\/v2\/product\/94931"}],"collection":[{"href":"https:\/\/www.keramika.com\/srbija\/wp-json\/wp\/v2\/product"}],"about":[{"href":"https:\/\/www.keramika.com\/srbija\/wp-json\/wp\/v2\/types\/product"}],"wp:featuredmedia":[{"embeddable":true,"href":"https:\/\/www.keramika.com\/srbija\/wp-json\/wp\/v2\/media\/94932"}],"wp:attachment":[{"href":"https:\/\/www.keramika.com\/srbija\/wp-json\/wp\/v2\/media?parent=94931"}],"wp:term":[{"taxonomy":"product_cat","embeddable":true,"href":"https:\/\/www.keramika.com\/srbija\/wp-json\/wp\/v2\/product_cat?post=94931"},{"taxonomy":"product_tag","embeddable":true,"href":"https:\/\/www.keramika.com\/srbija\/wp-json\/wp\/v2\/product_tag?post=94931"}],"curies":[{"name":"wp","href":"https:\/\/api.w.org\/{rel}","templated":true}]}}