{"id":94895,"date":"2017-08-02T08:43:54","date_gmt":"2017-08-02T08:43:54","guid":{"rendered":"http:\/\/www.ceramictiles.com\/srbija\/product\/staklene-mozaik-plocice-hd-decoration03_7\/"},"modified":"2026-01-04T00:00:21","modified_gmt":"2026-01-04T00:00:21","slug":"staklene-mozaik-plocice-hd-decoration03_7","status":"publish","type":"product","link":"https:\/\/www.keramika.com\/srbija\/staklene-mozaik-plocice-hd-decoration03_7\/","title":{"rendered":"Staklene mozaik plo\u010dice hd decoration03_7"},"content":{"rendered":"<p>Ovaj mozaik je proizveden od proizvo\u0111a\u010da Mosavit Mosaico, iz \u0160panije. Mozaik je pritvr\u0111en na mre\u017eu, \u0161to olak\u0161ava njegovu ugradnju. Veli\u010dina mre\u017ee je 31,6&#215;31,6 cm , te je pogodan je za razli\u010dite povr\u0161ine. Glass mosaic hd decoration03_7 je dostupna po vrlo povoljnim cenama 41500 RSD. Prilikom izbora mozaika u glavnom bele boji ne\u0107ete pogre\u0161iti Mozaik je debljine 5 mm, \u0161to ga \u010dini izuzetno tvrdim.<\/p>\n<p>Unikatni mozaik !<br \/>Po\u0161aljite nam va\u0161u fotografiju. Vrhunska tehnologiji izrade mozaika omogu\u0107ava da tu sliku prenesemo u HD kvaliteti u staklene plo\u010dice. Mozaik plo\u010dice su prakti\u010dno ne uni\u0161tive.<br \/>Va\u0161a lepota ostaje za uvek.<\/p>\n<p>Technical description: High definition mosaic \u2013 For a project or for your bathroom, high definition mosaic is a great way to get ceramics exactly as you want it, completely unique! How does it work? You send us any picture by your desire and we impetrate it into glass mosaic.<\/p>\n","protected":false},"excerpt":{"rendered":"<p>Ovaj mozaik je proizveden od proizvo\u0111a\u010da Mosavit Mosaico, iz \u0160panije. Mozaik je pritvr\u0111en na mre\u017eu, \u0161to olak\u0161ava njegovu ugradnju. Veli\u010dina mre\u017ee je 31,6&#215;31,6 cm , te je pogodan je za razli\u010dite povr\u0161ine. Glass mosaic hd decoration03_7 je dostupna po vrlo povoljnim cenama 41500 RSD. Prilikom izbora mozaika u glavnom bele boji ne\u0107ete pogre\u0161iti Mozaik je [&hellip;]<\/p>\n","protected":false},"featured_media":94896,"template":"","meta":[],"product_cat":[999405,999,300],"product_tag":[999500885,99950093],"_links":{"self":[{"href":"https:\/\/www.keramika.com\/srbija\/wp-json\/wp\/v2\/product\/94895"}],"collection":[{"href":"https:\/\/www.keramika.com\/srbija\/wp-json\/wp\/v2\/product"}],"about":[{"href":"https:\/\/www.keramika.com\/srbija\/wp-json\/wp\/v2\/types\/product"}],"wp:featuredmedia":[{"embeddable":true,"href":"https:\/\/www.keramika.com\/srbija\/wp-json\/wp\/v2\/media\/94896"}],"wp:attachment":[{"href":"https:\/\/www.keramika.com\/srbija\/wp-json\/wp\/v2\/media?parent=94895"}],"wp:term":[{"taxonomy":"product_cat","embeddable":true,"href":"https:\/\/www.keramika.com\/srbija\/wp-json\/wp\/v2\/product_cat?post=94895"},{"taxonomy":"product_tag","embeddable":true,"href":"https:\/\/www.keramika.com\/srbija\/wp-json\/wp\/v2\/product_tag?post=94895"}],"curies":[{"name":"wp","href":"https:\/\/api.w.org\/{rel}","templated":true}]}}