{"id":94865,"date":"2017-07-02T08:38:57","date_gmt":"2017-07-02T08:38:57","guid":{"rendered":"http:\/\/www.ceramictiles.com\/srbija\/product\/staklene-mozaik-plocice-hd-decoration01_2\/"},"modified":"2026-01-04T00:00:19","modified_gmt":"2026-01-04T00:00:19","slug":"staklene-mozaik-plocice-hd-decoration01_2","status":"publish","type":"product","link":"https:\/\/www.keramika.com\/srbija\/staklene-mozaik-plocice-hd-decoration01_2\/","title":{"rendered":"Staklene mozaik plo\u010dice hd decoration01_2"},"content":{"rendered":"<p>Glass mosaic hd decoration01_2 dolazi iz \u0160panije, koja je poznata po vrlo visokoj kvaliteta keramike u svetu. 5 mm debljine je dovoljno za zahtevnije kupce. Mozaik plo\u010dice bele boje, su izuzetno tra\u017eene. Redovna cena tog mozaika u maloprodaji je 71875 RSD, a u na\u0161oj online trgovini, ga mo\u017eete dobiti za 57500 RSD. Veli\u010dina mre\u017ee 31,6&#215;31,6 cm nakoju je pritvr\u0111en, omogu\u0107ava pritvr\u0111ivanje na razli\u010dite povr\u0161ine.<\/p>\n<p>Unikatni mozaik !<br \/>Po\u0161aljite nam va\u0161u fotografiju. Vrhunska tehnologiji izrade mozaika omogu\u0107ava da tu sliku prenesemo u HD kvaliteti u staklene plo\u010dice. Mozaik plo\u010dice su prakti\u010dno ne uni\u0161tive.<br \/>Va\u0161a lepota ostaje za uvek.<\/p>\n<p>Technical description: High definition mosaic \u2013 For a project or for your bathroom, high definition mosaic is a great way to get ceramics exactly as you want it, completely unique! How does it work? You send us any picture by your desire and we impetrate it into glass mosaic.<\/p>\n","protected":false},"excerpt":{"rendered":"<p>Glass mosaic hd decoration01_2 dolazi iz \u0160panije, koja je poznata po vrlo visokoj kvaliteta keramike u svetu. 5 mm debljine je dovoljno za zahtevnije kupce. Mozaik plo\u010dice bele boje, su izuzetno tra\u017eene. Redovna cena tog mozaika u maloprodaji je 71875 RSD, a u na\u0161oj online trgovini, ga mo\u017eete dobiti za 57500 RSD. Veli\u010dina mre\u017ee 31,6&#215;31,6 [&hellip;]<\/p>\n","protected":false},"featured_media":94866,"template":"","meta":[],"product_cat":[999405,999,300],"product_tag":[],"_links":{"self":[{"href":"https:\/\/www.keramika.com\/srbija\/wp-json\/wp\/v2\/product\/94865"}],"collection":[{"href":"https:\/\/www.keramika.com\/srbija\/wp-json\/wp\/v2\/product"}],"about":[{"href":"https:\/\/www.keramika.com\/srbija\/wp-json\/wp\/v2\/types\/product"}],"wp:featuredmedia":[{"embeddable":true,"href":"https:\/\/www.keramika.com\/srbija\/wp-json\/wp\/v2\/media\/94866"}],"wp:attachment":[{"href":"https:\/\/www.keramika.com\/srbija\/wp-json\/wp\/v2\/media?parent=94865"}],"wp:term":[{"taxonomy":"product_cat","embeddable":true,"href":"https:\/\/www.keramika.com\/srbija\/wp-json\/wp\/v2\/product_cat?post=94865"},{"taxonomy":"product_tag","embeddable":true,"href":"https:\/\/www.keramika.com\/srbija\/wp-json\/wp\/v2\/product_tag?post=94865"}],"curies":[{"name":"wp","href":"https:\/\/api.w.org\/{rel}","templated":true}]}}