{"id":94859,"date":"2017-07-02T08:38:01","date_gmt":"2017-07-02T08:38:01","guid":{"rendered":"http:\/\/www.ceramictiles.com\/srbija\/product\/staklene-mozaik-plocice-hd-bathroom05_2\/"},"modified":"2026-01-04T00:00:18","modified_gmt":"2026-01-04T00:00:18","slug":"staklene-mozaik-plocice-hd-bathroom05_2","status":"publish","type":"product","link":"https:\/\/www.keramika.com\/srbija\/staklene-mozaik-plocice-hd-bathroom05_2\/","title":{"rendered":"Staklene mozaik plo\u010dice hd bathroom05_2"},"content":{"rendered":"<p>Redovna cena tog mozaika u maloprodaji je 71875 RSD, a u na\u0161oj online trgovini, ga mo\u017eete dobiti za 57500 RSD. 5 mm debljine je dovoljno za zahtevnije kupce. Glass mosaic hd bathroom05_2 dolazi iz \u0160panije, koja je poznata po vrlo visokoj kvaliteta keramike u svetu. Prilikom izbora mozaika u glavnom bele boji ne\u0107ete pogre\u0161iti Mozaik plo\u010dice su na mre\u017ei, \u0161to olak\u0161ava njegovu instalaciju. Veli\u010dina mre\u017ee je 31,6&#215;31,6 cm.<\/p>\n<p>Unikatni mozaik !<br \/>Po\u0161aljite nam va\u0161u fotografiju. Vrhunska tehnologiji izrade mozaika omogu\u0107ava da tu sliku prenesemo u HD kvaliteti u staklene plo\u010dice. Mozaik plo\u010dice su prakti\u010dno ne uni\u0161tive.<br \/>Va\u0161a lepota ostaje za uvek.<\/p>\n<p>Technical description: High definition mosaic \u2013 For a project or for your bathroom, high definition mosaic is a great way to get ceramics exactly as you want it, completely unique! How does it work? You send us any picture by your desire and we impetrate it into glass mosaic.<\/p>\n","protected":false},"excerpt":{"rendered":"<p>Redovna cena tog mozaika u maloprodaji je 71875 RSD, a u na\u0161oj online trgovini, ga mo\u017eete dobiti za 57500 RSD. 5 mm debljine je dovoljno za zahtevnije kupce. Glass mosaic hd bathroom05_2 dolazi iz \u0160panije, koja je poznata po vrlo visokoj kvaliteta keramike u svetu. Prilikom izbora mozaika u glavnom bele boji ne\u0107ete pogre\u0161iti Mozaik [&hellip;]<\/p>\n","protected":false},"featured_media":94860,"template":"","meta":[],"product_cat":[999405,999,300],"product_tag":[],"_links":{"self":[{"href":"https:\/\/www.keramika.com\/srbija\/wp-json\/wp\/v2\/product\/94859"}],"collection":[{"href":"https:\/\/www.keramika.com\/srbija\/wp-json\/wp\/v2\/product"}],"about":[{"href":"https:\/\/www.keramika.com\/srbija\/wp-json\/wp\/v2\/types\/product"}],"wp:featuredmedia":[{"embeddable":true,"href":"https:\/\/www.keramika.com\/srbija\/wp-json\/wp\/v2\/media\/94860"}],"wp:attachment":[{"href":"https:\/\/www.keramika.com\/srbija\/wp-json\/wp\/v2\/media?parent=94859"}],"wp:term":[{"taxonomy":"product_cat","embeddable":true,"href":"https:\/\/www.keramika.com\/srbija\/wp-json\/wp\/v2\/product_cat?post=94859"},{"taxonomy":"product_tag","embeddable":true,"href":"https:\/\/www.keramika.com\/srbija\/wp-json\/wp\/v2\/product_tag?post=94859"}],"curies":[{"name":"wp","href":"https:\/\/api.w.org\/{rel}","templated":true}]}}