{"id":94843,"date":"2017-07-02T08:35:27","date_gmt":"2017-07-02T08:35:27","guid":{"rendered":"http:\/\/www.ceramictiles.com\/srbija\/product\/staklene-mozaik-plocice-hd-bathroom03_4\/"},"modified":"2026-01-04T00:00:17","modified_gmt":"2026-01-04T00:00:17","slug":"staklene-mozaik-plocice-hd-bathroom03_4","status":"publish","type":"product","link":"https:\/\/www.keramika.com\/srbija\/staklene-mozaik-plocice-hd-bathroom03_4\/","title":{"rendered":"Staklene mozaik plo\u010dice hd bathroom03_4"},"content":{"rendered":"<p>5 mm debljine je dovoljno za zahtevnije kupce. Glass mosaic hd bathroom03_4 je proizvod iz \u0160panije te je izuzetno kvalitetna. Prilikom izbora mozaika u glavnom bele boji ne\u0107ete pogre\u0161iti 71875 RSD je redovna prodajna cena keramike, tu pa samo 57500 RSD. \u0160irina i du\u017eina mre\u017ee na koju je pritvr\u0111en mozaik je 31,6&#215;31,6 cm. Mre\u017ea se jednostavno mo\u017eete polo\u017eiti na razli\u010dite povr\u0161ine.<\/p>\n<p>Unikatni mozaik !<br \/>Po\u0161aljite nam va\u0161u fotografiju. Vrhunska tehnologiji izrade mozaika omogu\u0107ava da tu sliku prenesemo u HD kvaliteti u staklene plo\u010dice. Mozaik plo\u010dice su prakti\u010dno ne uni\u0161tive.<br \/>Va\u0161a lepota ostaje za uvek.<\/p>\n<p>Technical description: High definition mosaic \u2013 For a project or for your bathroom, high definition mosaic is a great way to get ceramics exactly as you want it, completely unique! How does it work? You send us any picture by your desire and we impetrate it into glass mosaic.<\/p>\n","protected":false},"excerpt":{"rendered":"<p>5 mm debljine je dovoljno za zahtevnije kupce. Glass mosaic hd bathroom03_4 je proizvod iz \u0160panije te je izuzetno kvalitetna. Prilikom izbora mozaika u glavnom bele boji ne\u0107ete pogre\u0161iti 71875 RSD je redovna prodajna cena keramike, tu pa samo 57500 RSD. \u0160irina i du\u017eina mre\u017ee na koju je pritvr\u0111en mozaik je 31,6&#215;31,6 cm. Mre\u017ea se [&hellip;]<\/p>\n","protected":false},"featured_media":94844,"template":"","meta":[],"product_cat":[999405,999,300],"product_tag":[],"_links":{"self":[{"href":"https:\/\/www.keramika.com\/srbija\/wp-json\/wp\/v2\/product\/94843"}],"collection":[{"href":"https:\/\/www.keramika.com\/srbija\/wp-json\/wp\/v2\/product"}],"about":[{"href":"https:\/\/www.keramika.com\/srbija\/wp-json\/wp\/v2\/types\/product"}],"wp:featuredmedia":[{"embeddable":true,"href":"https:\/\/www.keramika.com\/srbija\/wp-json\/wp\/v2\/media\/94844"}],"wp:attachment":[{"href":"https:\/\/www.keramika.com\/srbija\/wp-json\/wp\/v2\/media?parent=94843"}],"wp:term":[{"taxonomy":"product_cat","embeddable":true,"href":"https:\/\/www.keramika.com\/srbija\/wp-json\/wp\/v2\/product_cat?post=94843"},{"taxonomy":"product_tag","embeddable":true,"href":"https:\/\/www.keramika.com\/srbija\/wp-json\/wp\/v2\/product_tag?post=94843"}],"curies":[{"name":"wp","href":"https:\/\/api.w.org\/{rel}","templated":true}]}}