{"id":94841,"date":"2017-07-02T08:35:04","date_gmt":"2017-07-02T08:35:04","guid":{"rendered":"http:\/\/www.ceramictiles.com\/srbija\/product\/staklene-mozaik-plocice-hd-bathroom03_3\/"},"modified":"2026-01-04T00:00:17","modified_gmt":"2026-01-04T00:00:17","slug":"staklene-mozaik-plocice-hd-bathroom03_3","status":"publish","type":"product","link":"https:\/\/www.keramika.com\/srbija\/staklene-mozaik-plocice-hd-bathroom03_3\/","title":{"rendered":"Staklene mozaik plo\u010dice hd bathroom03_3"},"content":{"rendered":"<p>5 mm debljina \u0107e zadovoljiti i najzahtevnije kupce. Plo\u010dice bele boje osvje\u017eit \u0107e svaki prostor. Redovna cena tog mozaika u maloprodaji je 71875 RSD, a u na\u0161oj online trgovini, ga mo\u017eete dobiti za 57500 RSD. Ove mozaik plo\u010dice doleaze iz \u0160panije, koja je poznata po kvalitetnom mozaiku. Dimenzije mre\u017ee na koju je pritvr\u0111en mozaik je 31,6&#215;31,6 cm. Mre\u017ea omogu\u0107ava jednostavnu instalaciju.<\/p>\n<p>Unikatni mozaik !<br \/>Po\u0161aljite nam va\u0161u fotografiju. Vrhunska tehnologiji izrade mozaika omogu\u0107ava da tu sliku prenesemo u HD kvaliteti u staklene plo\u010dice. Mozaik plo\u010dice su prakti\u010dno ne uni\u0161tive.<br \/>Va\u0161a lepota ostaje za uvek.<\/p>\n<p>Technical description: High definition mosaic \u2013 For a project or for your bathroom, high definition mosaic is a great way to get ceramics exactly as you want it, completely unique! How does it work? You send us any picture by your desire and we impetrate it into glass mosaic.<\/p>\n","protected":false},"excerpt":{"rendered":"<p>5 mm debljina \u0107e zadovoljiti i najzahtevnije kupce. Plo\u010dice bele boje osvje\u017eit \u0107e svaki prostor. Redovna cena tog mozaika u maloprodaji je 71875 RSD, a u na\u0161oj online trgovini, ga mo\u017eete dobiti za 57500 RSD. Ove mozaik plo\u010dice doleaze iz \u0160panije, koja je poznata po kvalitetnom mozaiku. Dimenzije mre\u017ee na koju je pritvr\u0111en mozaik je [&hellip;]<\/p>\n","protected":false},"featured_media":94842,"template":"","meta":[],"product_cat":[999405,999,300],"product_tag":[],"_links":{"self":[{"href":"https:\/\/www.keramika.com\/srbija\/wp-json\/wp\/v2\/product\/94841"}],"collection":[{"href":"https:\/\/www.keramika.com\/srbija\/wp-json\/wp\/v2\/product"}],"about":[{"href":"https:\/\/www.keramika.com\/srbija\/wp-json\/wp\/v2\/types\/product"}],"wp:featuredmedia":[{"embeddable":true,"href":"https:\/\/www.keramika.com\/srbija\/wp-json\/wp\/v2\/media\/94842"}],"wp:attachment":[{"href":"https:\/\/www.keramika.com\/srbija\/wp-json\/wp\/v2\/media?parent=94841"}],"wp:term":[{"taxonomy":"product_cat","embeddable":true,"href":"https:\/\/www.keramika.com\/srbija\/wp-json\/wp\/v2\/product_cat?post=94841"},{"taxonomy":"product_tag","embeddable":true,"href":"https:\/\/www.keramika.com\/srbija\/wp-json\/wp\/v2\/product_tag?post=94841"}],"curies":[{"name":"wp","href":"https:\/\/api.w.org\/{rel}","templated":true}]}}