{"id":94829,"date":"2017-07-02T08:32:57","date_gmt":"2017-07-02T08:32:57","guid":{"rendered":"http:\/\/www.ceramictiles.com\/srbija\/product\/staklene-mozaik-plocice-hd-bathroom01_3\/"},"modified":"2026-01-04T00:00:16","modified_gmt":"2026-01-04T00:00:16","slug":"staklene-mozaik-plocice-hd-bathroom01_3","status":"publish","type":"product","link":"https:\/\/www.keramika.com\/srbija\/staklene-mozaik-plocice-hd-bathroom01_3\/","title":{"rendered":"Staklene mozaik plo\u010dice hd bathroom01_3"},"content":{"rendered":"<p>Ovaj mozaik je proizveden od proizvo\u0111a\u010da Mosavit Mosaico, iz \u0160panije. Na na\u0161em sajtu, \u0107e te dobiti mozaik za samo 57500 RSD, dok je u maloprodaji 71875 RSD. Mozaik je debljine 5 mm, \u0161to ga \u010dini izuzetno tvrdim. Veli\u010dina mre\u017ee sa mozaikom je 31,6&#215;31,6 cm, \u0161to omogu\u0107ava jednostavnu ugradnju. Ovaj mozaik je dostupan u prekrasnoj bele dominantnoj boji. Ako \u017eelite da razli\u010dite boje kontaktirajte nas i mi \u0107emo proveriti kod proizvo\u0111a\u010da.<\/p>\n<p>Unikatni mozaik !<br \/>Po\u0161aljite nam va\u0161u fotografiju. Vrhunska tehnologiji izrade mozaika omogu\u0107ava da tu sliku prenesemo u HD kvaliteti u staklene plo\u010dice. Mozaik plo\u010dice su prakti\u010dno ne uni\u0161tive.<br \/>Va\u0161a lepota ostaje za uvek.<\/p>\n<p>Technical description: High definition mosaic \u2013 For a project or for your bathroom, high definition mosaic is a great way to get ceramics exactly as you want it, completely unique! How does it work? You send us any picture by your desire and we impetrate it into glass mosaic.<\/p>\n","protected":false},"excerpt":{"rendered":"<p>Ovaj mozaik je proizveden od proizvo\u0111a\u010da Mosavit Mosaico, iz \u0160panije. Na na\u0161em sajtu, \u0107e te dobiti mozaik za samo 57500 RSD, dok je u maloprodaji 71875 RSD. Mozaik je debljine 5 mm, \u0161to ga \u010dini izuzetno tvrdim. Veli\u010dina mre\u017ee sa mozaikom je 31,6&#215;31,6 cm, \u0161to omogu\u0107ava jednostavnu ugradnju. Ovaj mozaik je dostupan u prekrasnoj bele [&hellip;]<\/p>\n","protected":false},"featured_media":94830,"template":"","meta":[],"product_cat":[999405,999,300],"product_tag":[],"_links":{"self":[{"href":"https:\/\/www.keramika.com\/srbija\/wp-json\/wp\/v2\/product\/94829"}],"collection":[{"href":"https:\/\/www.keramika.com\/srbija\/wp-json\/wp\/v2\/product"}],"about":[{"href":"https:\/\/www.keramika.com\/srbija\/wp-json\/wp\/v2\/types\/product"}],"wp:featuredmedia":[{"embeddable":true,"href":"https:\/\/www.keramika.com\/srbija\/wp-json\/wp\/v2\/media\/94830"}],"wp:attachment":[{"href":"https:\/\/www.keramika.com\/srbija\/wp-json\/wp\/v2\/media?parent=94829"}],"wp:term":[{"taxonomy":"product_cat","embeddable":true,"href":"https:\/\/www.keramika.com\/srbija\/wp-json\/wp\/v2\/product_cat?post=94829"},{"taxonomy":"product_tag","embeddable":true,"href":"https:\/\/www.keramika.com\/srbija\/wp-json\/wp\/v2\/product_tag?post=94829"}],"curies":[{"name":"wp","href":"https:\/\/api.w.org\/{rel}","templated":true}]}}