{"id":94801,"date":"2017-07-02T08:28:27","date_gmt":"2017-07-02T08:28:27","guid":{"rendered":"http:\/\/www.ceramictiles.com\/srbija\/product\/staklene-mozaik-plocice-hd-03\/"},"modified":"2026-01-04T00:00:14","modified_gmt":"2026-01-04T00:00:14","slug":"staklene-mozaik-plocice-hd-03","status":"publish","type":"product","link":"https:\/\/www.keramika.com\/srbija\/staklene-mozaik-plocice-hd-03\/","title":{"rendered":"Staklene mozaik plo\u010dice hd 03"},"content":{"rendered":"<p>Glass mosaic hd 03 je dostupna po vrlo povoljnim cenama 57500 RSD. Veoma moderan mozaik, dominantne bele boje, oboga\u0107uje savki prostor. Veli\u010dina 31,6&#215;31,6 cm mre\u017ee, na koju su pritvr\u0111ene mozaik plo\u010dice, je odli\u010dna za pokrivanje povr\u0161ine. Ovaj mozaik je 5 mm, te je vrlo je izdr\u017eljiv. plo\u010dica proizvo\u0111a\u010da Mosavit Mosaico iz \u0160panije.<\/p>\n<p>Unikatni mozaik !<br \/>Po\u0161aljite nam va\u0161u fotografiju. Vrhunska tehnologiji izrade mozaika omogu\u0107ava da tu sliku prenesemo u HD kvaliteti u staklene plo\u010dice. Mozaik plo\u010dice su prakti\u010dno ne uni\u0161tive.<br \/>Va\u0161a lepota ostaje za uvek.<\/p>\n<p>Technical description: High definition mosaic \u2013 For a project or for your bathroom, high definition mosaic is a great way to get ceramics exactly as you want it, completely unique! How does it work? You send us any picture by your desire and we impetrate it into glass mosaic.<\/p>\n","protected":false},"excerpt":{"rendered":"<p>Glass mosaic hd 03 je dostupna po vrlo povoljnim cenama 57500 RSD. Veoma moderan mozaik, dominantne bele boje, oboga\u0107uje savki prostor. Veli\u010dina 31,6&#215;31,6 cm mre\u017ee, na koju su pritvr\u0111ene mozaik plo\u010dice, je odli\u010dna za pokrivanje povr\u0161ine. Ovaj mozaik je 5 mm, te je vrlo je izdr\u017eljiv. plo\u010dica proizvo\u0111a\u010da Mosavit Mosaico iz \u0160panije. Unikatni mozaik !Po\u0161aljite [&hellip;]<\/p>\n","protected":false},"featured_media":94802,"template":"","meta":[],"product_cat":[999405,999,300],"product_tag":[],"_links":{"self":[{"href":"https:\/\/www.keramika.com\/srbija\/wp-json\/wp\/v2\/product\/94801"}],"collection":[{"href":"https:\/\/www.keramika.com\/srbija\/wp-json\/wp\/v2\/product"}],"about":[{"href":"https:\/\/www.keramika.com\/srbija\/wp-json\/wp\/v2\/types\/product"}],"wp:featuredmedia":[{"embeddable":true,"href":"https:\/\/www.keramika.com\/srbija\/wp-json\/wp\/v2\/media\/94802"}],"wp:attachment":[{"href":"https:\/\/www.keramika.com\/srbija\/wp-json\/wp\/v2\/media?parent=94801"}],"wp:term":[{"taxonomy":"product_cat","embeddable":true,"href":"https:\/\/www.keramika.com\/srbija\/wp-json\/wp\/v2\/product_cat?post=94801"},{"taxonomy":"product_tag","embeddable":true,"href":"https:\/\/www.keramika.com\/srbija\/wp-json\/wp\/v2\/product_tag?post=94801"}],"curies":[{"name":"wp","href":"https:\/\/api.w.org\/{rel}","templated":true}]}}