{"id":94793,"date":"2017-07-02T08:27:13","date_gmt":"2017-07-02T08:27:13","guid":{"rendered":"http:\/\/www.ceramictiles.com\/srbija\/product\/ceramicas-aparici-cool-black\/"},"modified":"2017-07-02T08:27:13","modified_gmt":"2017-07-02T08:27:13","slug":"ceramicas-aparici-cool-black","status":"publish","type":"product","link":"https:\/\/www.keramika.com\/srbija\/ceramicas-aparici-cool-black\/","title":{"rendered":"Ceramicas Aparici Cool Black"},"content":{"rendered":"<p>Plo\u010dica na sliki je 20&#215;20 cm. 8 mm debljine je dovoljno za zahtevnije kupce. Ceramicas Aparici Cool Black dolazi iz \u0160panije, koja je poznata po vrlo visokoj kvaliteta keramike u svetu. Ove crne kerami\u010dke plo\u010dice, obogatit \u0107e svaki prostor.<\/p>\n<p>Kliknite na ime serije za sve plo\u010dice u toj seriji: <a class=\"pdfcatal\" href=\"\/\/www.ceramictiles.com\/pdf\/aparici\/catalogue_aparici_catalogue_aparici_cool.pdf\" onclick=\"recordOutboundLink(this, 'E-mail', 'Description PDF');return false;\">Aparici Cool<\/a><\/p>\n<p>Da bi naru\u010dili model iz PDF kataloga ove serije, molimo vas, da nas kontaktirate na: <a href=\"mailto:zo_mi@ceramictiles.com\" onclick=\"recordOutboundLink(this, 'E-mail', 'Description mail');return false;\">zo_mi@ceramictiles.com<\/a> ili nas pozovite na: For exact offer, PLS send us quantity and product you need with delivery address..<\/p>\n<p>Technical description: <br \/> W 20&#215;20 cm ; <br \/>Art White ; Art Black ; Art Silver ; Cool White ; Cool Black ; Trend Silver ; Trend Iris ;<\/p>\n","protected":false},"excerpt":{"rendered":"<p>Plo\u010dica na sliki je 20&#215;20 cm. 8 mm debljine je dovoljno za zahtevnije kupce. Ceramicas Aparici Cool Black dolazi iz \u0160panije, koja je poznata po vrlo visokoj kvaliteta keramike u svetu. Ove crne kerami\u010dke plo\u010dice, obogatit \u0107e svaki prostor. Kliknite na ime serije za sve plo\u010dice u toj seriji: Aparici Cool Da bi naru\u010dili model [&hellip;]<\/p>\n","protected":false},"featured_media":94794,"template":"","meta":[],"product_cat":[999773,200,999],"product_tag":[],"_links":{"self":[{"href":"https:\/\/www.keramika.com\/srbija\/wp-json\/wp\/v2\/product\/94793"}],"collection":[{"href":"https:\/\/www.keramika.com\/srbija\/wp-json\/wp\/v2\/product"}],"about":[{"href":"https:\/\/www.keramika.com\/srbija\/wp-json\/wp\/v2\/types\/product"}],"wp:featuredmedia":[{"embeddable":true,"href":"https:\/\/www.keramika.com\/srbija\/wp-json\/wp\/v2\/media\/94794"}],"wp:attachment":[{"href":"https:\/\/www.keramika.com\/srbija\/wp-json\/wp\/v2\/media?parent=94793"}],"wp:term":[{"taxonomy":"product_cat","embeddable":true,"href":"https:\/\/www.keramika.com\/srbija\/wp-json\/wp\/v2\/product_cat?post=94793"},{"taxonomy":"product_tag","embeddable":true,"href":"https:\/\/www.keramika.com\/srbija\/wp-json\/wp\/v2\/product_tag?post=94793"}],"curies":[{"name":"wp","href":"https:\/\/api.w.org\/{rel}","templated":true}]}}