{"id":94787,"date":"2017-07-02T08:26:14","date_gmt":"2017-07-02T08:26:14","guid":{"rendered":"http:\/\/www.ceramictiles.com\/srbija\/product\/ceramicas-aparici-azur-grey\/"},"modified":"2017-07-02T08:26:14","modified_gmt":"2017-07-02T08:26:14","slug":"ceramicas-aparici-azur-grey","status":"publish","type":"product","link":"https:\/\/www.keramika.com\/srbija\/ceramicas-aparici-azur-grey\/","title":{"rendered":"Ceramicas Aparici Azur Grey"},"content":{"rendered":"<p>Proizvodnja \u0160panije ,koja je poznata u svetu, kao jedana od najboljih proizvo\u0111a\u010da kerami\u010dkih plo\u010dica. Debljina 9 mm \u010dini plo\u010dicu vrlo izdr\u017eljivom i prijatnom na dodir. Plo\u010dice sive boje, su letos izuzetno tre\u017eene. Veli\u010dina plo\u010dice je 25,1&#215;75,6 cm i odli\u010dna je za razli\u010dite povr\u0161ine.<\/p>\n<p>Kliknite na ime serije za sve plo\u010dice u toj seriji: <a class=\"pdfcatal\" href=\"\/\/www.ceramictiles.com\/pdf\/aparici\/catalogue_aparici_catalogue_aparici_azur.pdf\" onclick=\"recordOutboundLink(this, 'E-mail', 'Description PDF');return false;\">Aparici Azur<\/a><\/p>\n<p>Da bi naru\u010dili model iz PDF kataloga ove serije, molimo vas, da nas kontaktirate na: <a href=\"mailto:zo_mi@ceramictiles.com\" onclick=\"recordOutboundLink(this, 'E-mail', 'Description mail');return false;\">zo_mi@ceramictiles.com<\/a> ili nas pozovite na: For exact offer, PLS send us quantity and product you need with delivery address..<\/p>\n<p>Technical description: <br \/> W 25,1&#215;75,6 cm ; F 59,2&#215;59,2 cm <br \/>Azur Ivory ; Azur Ivory Blast ; Azur Grey ; Azur Grey Blast ; Azur Antracita ; Azur Antracita Blast ; Azur Decor ; Azur Ivory Natural ; Azur Ivory Stamp Natural ; Azur Grey Natural ; Azur Grey Stamp Natural ; A<\/p>\n","protected":false},"excerpt":{"rendered":"<p>Proizvodnja \u0160panije ,koja je poznata u svetu, kao jedana od najboljih proizvo\u0111a\u010da kerami\u010dkih plo\u010dica. Debljina 9 mm \u010dini plo\u010dicu vrlo izdr\u017eljivom i prijatnom na dodir. Plo\u010dice sive boje, su letos izuzetno tre\u017eene. Veli\u010dina plo\u010dice je 25,1&#215;75,6 cm i odli\u010dna je za razli\u010dite povr\u0161ine. Kliknite na ime serije za sve plo\u010dice u toj seriji: Aparici Azur [&hellip;]<\/p>\n","protected":false},"featured_media":94788,"template":"","meta":[],"product_cat":[999773,200,999],"product_tag":[],"_links":{"self":[{"href":"https:\/\/www.keramika.com\/srbija\/wp-json\/wp\/v2\/product\/94787"}],"collection":[{"href":"https:\/\/www.keramika.com\/srbija\/wp-json\/wp\/v2\/product"}],"about":[{"href":"https:\/\/www.keramika.com\/srbija\/wp-json\/wp\/v2\/types\/product"}],"wp:featuredmedia":[{"embeddable":true,"href":"https:\/\/www.keramika.com\/srbija\/wp-json\/wp\/v2\/media\/94788"}],"wp:attachment":[{"href":"https:\/\/www.keramika.com\/srbija\/wp-json\/wp\/v2\/media?parent=94787"}],"wp:term":[{"taxonomy":"product_cat","embeddable":true,"href":"https:\/\/www.keramika.com\/srbija\/wp-json\/wp\/v2\/product_cat?post=94787"},{"taxonomy":"product_tag","embeddable":true,"href":"https:\/\/www.keramika.com\/srbija\/wp-json\/wp\/v2\/product_tag?post=94787"}],"curies":[{"name":"wp","href":"https:\/\/api.w.org\/{rel}","templated":true}]}}