{"id":94779,"date":"2017-07-02T08:25:02","date_gmt":"2017-07-02T08:25:02","guid":{"rendered":"http:\/\/www.ceramictiles.com\/srbija\/product\/mosavit-mozaik-plocice-wooden-grey-pandora\/"},"modified":"2026-01-04T00:00:13","modified_gmt":"2026-01-04T00:00:13","slug":"mosavit-mozaik-plocice-wooden-grey-pandora","status":"publish","type":"product","link":"https:\/\/www.keramika.com\/srbija\/mosavit-mozaik-plocice-wooden-grey-pandora\/","title":{"rendered":"Mosavit mozaik plo\u010dice Wooden Grey Pandora"},"content":{"rendered":"<p>Ovaj mozaik je proizveden od proizvo\u0111a\u010da Mosavit, iz \u0160panije. U maloprodaji je cena 19478,7 RSD, online cena, pa je samo 15582,5 RSD. Dimenzije mre\u017ee na koju je pritvr\u0111en mozaik je 31,6&#215;31,6 cm. Mre\u017ea omogu\u0107ava jednostavnu instalaciju. Prilikom izbora mozaika u glavnom sive boji ne\u0107ete pogre\u0161iti 4 mm debljina \u0107e zadovoljiti i najzahtevnije kupce.<\/p>\n<p>Technical description: Min. 1 box \u2013 Delivery 30 Euro\/box in EU<\/p>\n","protected":false},"excerpt":{"rendered":"<p>Ovaj mozaik je proizveden od proizvo\u0111a\u010da Mosavit, iz \u0160panije. U maloprodaji je cena 19478,7 RSD, online cena, pa je samo 15582,5 RSD. Dimenzije mre\u017ee na koju je pritvr\u0111en mozaik je 31,6&#215;31,6 cm. Mre\u017ea omogu\u0107ava jednostavnu instalaciju. Prilikom izbora mozaika u glavnom sive boji ne\u0107ete pogre\u0161iti 4 mm debljina \u0107e zadovoljiti i najzahtevnije kupce. Technical description: [&hellip;]<\/p>\n","protected":false},"featured_media":94780,"template":"","meta":[],"product_cat":[420,999405,400,999],"product_tag":[],"_links":{"self":[{"href":"https:\/\/www.keramika.com\/srbija\/wp-json\/wp\/v2\/product\/94779"}],"collection":[{"href":"https:\/\/www.keramika.com\/srbija\/wp-json\/wp\/v2\/product"}],"about":[{"href":"https:\/\/www.keramika.com\/srbija\/wp-json\/wp\/v2\/types\/product"}],"wp:featuredmedia":[{"embeddable":true,"href":"https:\/\/www.keramika.com\/srbija\/wp-json\/wp\/v2\/media\/94780"}],"wp:attachment":[{"href":"https:\/\/www.keramika.com\/srbija\/wp-json\/wp\/v2\/media?parent=94779"}],"wp:term":[{"taxonomy":"product_cat","embeddable":true,"href":"https:\/\/www.keramika.com\/srbija\/wp-json\/wp\/v2\/product_cat?post=94779"},{"taxonomy":"product_tag","embeddable":true,"href":"https:\/\/www.keramika.com\/srbija\/wp-json\/wp\/v2\/product_tag?post=94779"}],"curies":[{"name":"wp","href":"https:\/\/api.w.org\/{rel}","templated":true}]}}