{"id":94777,"date":"2017-07-02T08:24:43","date_gmt":"2017-07-02T08:24:43","guid":{"rendered":"http:\/\/www.ceramictiles.com\/srbija\/product\/mosavit-mozaik-plocice-wooden-grey\/"},"modified":"2026-01-04T00:00:13","modified_gmt":"2026-01-04T00:00:13","slug":"mosavit-mozaik-plocice-wooden-grey","status":"publish","type":"product","link":"https:\/\/www.keramika.com\/srbija\/mosavit-mozaik-plocice-wooden-grey\/","title":{"rendered":"Mosavit mozaik plo\u010dice Wooden Grey"},"content":{"rendered":"<p>Redovna cena tog mozaika u maloprodaji je 15525 RSD, a u na\u0161oj online trgovini, ga mo\u017eete dobiti za 12420 RSD. Mozaik je debljine 4 mm, \u0161to ga \u010dini izuzetno tvrdim. Naj vi\u0161e se prodaju bele mozik plo\u010dice. \u0160irina i du\u017eina mre\u017ee na koju je pritvr\u0111en mozaik je 31,6&#215;31,6 cm. Mre\u017ea se jednostavno mo\u017eete polo\u017eiti na razli\u010dite povr\u0161ine. plo\u010dica proizvo\u0111a\u010da Mosavit iz \u0160panije.<\/p>\n<p>Technical description: Min. 1 box \u2013 Delivery 30 Euro\/box in EU<\/p>\n","protected":false},"excerpt":{"rendered":"<p>Redovna cena tog mozaika u maloprodaji je 15525 RSD, a u na\u0161oj online trgovini, ga mo\u017eete dobiti za 12420 RSD. Mozaik je debljine 4 mm, \u0161to ga \u010dini izuzetno tvrdim. Naj vi\u0161e se prodaju bele mozik plo\u010dice. \u0160irina i du\u017eina mre\u017ee na koju je pritvr\u0111en mozaik je 31,6&#215;31,6 cm. Mre\u017ea se jednostavno mo\u017eete polo\u017eiti na [&hellip;]<\/p>\n","protected":false},"featured_media":94778,"template":"","meta":[],"product_cat":[420,999405,400,999],"product_tag":[],"_links":{"self":[{"href":"https:\/\/www.keramika.com\/srbija\/wp-json\/wp\/v2\/product\/94777"}],"collection":[{"href":"https:\/\/www.keramika.com\/srbija\/wp-json\/wp\/v2\/product"}],"about":[{"href":"https:\/\/www.keramika.com\/srbija\/wp-json\/wp\/v2\/types\/product"}],"wp:featuredmedia":[{"embeddable":true,"href":"https:\/\/www.keramika.com\/srbija\/wp-json\/wp\/v2\/media\/94778"}],"wp:attachment":[{"href":"https:\/\/www.keramika.com\/srbija\/wp-json\/wp\/v2\/media?parent=94777"}],"wp:term":[{"taxonomy":"product_cat","embeddable":true,"href":"https:\/\/www.keramika.com\/srbija\/wp-json\/wp\/v2\/product_cat?post=94777"},{"taxonomy":"product_tag","embeddable":true,"href":"https:\/\/www.keramika.com\/srbija\/wp-json\/wp\/v2\/product_tag?post=94777"}],"curies":[{"name":"wp","href":"https:\/\/api.w.org\/{rel}","templated":true}]}}