{"id":94775,"date":"2017-07-02T08:24:21","date_gmt":"2017-07-02T08:24:21","guid":{"rendered":"http:\/\/www.ceramictiles.com\/srbija\/product\/mosavit-mozaik-plocice-vintage-provenza\/"},"modified":"2026-01-04T00:00:13","modified_gmt":"2026-01-04T00:00:13","slug":"mosavit-mozaik-plocice-vintage-provenza","status":"publish","type":"product","link":"https:\/\/www.keramika.com\/srbija\/mosavit-mozaik-plocice-vintage-provenza\/","title":{"rendered":"Mosavit mozaik plo\u010dice Vintage Provenza"},"content":{"rendered":"<p>15219,1 RSD je redovna prodajna cena keramike, tu pa samo 12176,2 RSD. Veli\u010dina mre\u017ee 31,6&#215;31,6 cm nakoju je pritvr\u0111en, omogu\u0107ava pritvr\u0111ivanje na razli\u010dite povr\u0161ine. Veoma moderan mozaik, dominantne bele boje, oboga\u0107uje savki prostor. 4 mm debljina \u0107e zadovoljiti i najzahtevnije kupce. Ove mozaik plo\u010dice doleaze iz \u0160panije, koja je poznata po kvalitetnom mozaiku.<\/p>\n<p>Technical description: Min. 1 box \u2013 Delivery 30 Euro\/box in EU<\/p>\n","protected":false},"excerpt":{"rendered":"<p>15219,1 RSD je redovna prodajna cena keramike, tu pa samo 12176,2 RSD. Veli\u010dina mre\u017ee 31,6&#215;31,6 cm nakoju je pritvr\u0111en, omogu\u0107ava pritvr\u0111ivanje na razli\u010dite povr\u0161ine. Veoma moderan mozaik, dominantne bele boje, oboga\u0107uje savki prostor. 4 mm debljina \u0107e zadovoljiti i najzahtevnije kupce. Ove mozaik plo\u010dice doleaze iz \u0160panije, koja je poznata po kvalitetnom mozaiku. Technical description: [&hellip;]<\/p>\n","protected":false},"featured_media":94776,"template":"","meta":[],"product_cat":[999405,400,999,410],"product_tag":[99950093],"_links":{"self":[{"href":"https:\/\/www.keramika.com\/srbija\/wp-json\/wp\/v2\/product\/94775"}],"collection":[{"href":"https:\/\/www.keramika.com\/srbija\/wp-json\/wp\/v2\/product"}],"about":[{"href":"https:\/\/www.keramika.com\/srbija\/wp-json\/wp\/v2\/types\/product"}],"wp:featuredmedia":[{"embeddable":true,"href":"https:\/\/www.keramika.com\/srbija\/wp-json\/wp\/v2\/media\/94776"}],"wp:attachment":[{"href":"https:\/\/www.keramika.com\/srbija\/wp-json\/wp\/v2\/media?parent=94775"}],"wp:term":[{"taxonomy":"product_cat","embeddable":true,"href":"https:\/\/www.keramika.com\/srbija\/wp-json\/wp\/v2\/product_cat?post=94775"},{"taxonomy":"product_tag","embeddable":true,"href":"https:\/\/www.keramika.com\/srbija\/wp-json\/wp\/v2\/product_tag?post=94775"}],"curies":[{"name":"wp","href":"https:\/\/api.w.org\/{rel}","templated":true}]}}