{"id":94771,"date":"2017-07-02T08:23:43","date_gmt":"2017-07-02T08:23:43","guid":{"rendered":"http:\/\/www.ceramictiles.com\/srbija\/product\/mosavit-mozaik-plocice-vintage-dot-verbena\/"},"modified":"2026-01-04T00:00:13","modified_gmt":"2026-01-04T00:00:13","slug":"mosavit-mozaik-plocice-vintage-dot-verbena","status":"publish","type":"product","link":"https:\/\/www.keramika.com\/srbija\/mosavit-mozaik-plocice-vintage-dot-verbena\/","title":{"rendered":"Mosavit mozaik plo\u010dice Vintage Dot Verbena"},"content":{"rendered":"<p>Redovna cena tog mozaika u maloprodaji je 15219,1 RSD, a u na\u0161oj online trgovini, ga mo\u017eete dobiti za 12176,2 RSD. Prilikom izbora mozaika u glavnom ljubi\u010daste boji ne\u0107ete pogre\u0161iti Veli\u010dina 31,6&#215;31,6 cm mre\u017ee, na koju su pritvr\u0111ene mozaik plo\u010dice, je odli\u010dna za pokrivanje povr\u0161ine. Mozaik je debljine 4 mm, \u0161to ga \u010dini izuzetno tvrdim. Ove mozaik plo\u010dice doleaze iz \u0160panije, koja je poznata po kvalitetnom mozaiku.<\/p>\n<p>Technical description: Min. 1 box \u2013 Delivery 30 Euro\/box in EU<\/p>\n","protected":false},"excerpt":{"rendered":"<p>Redovna cena tog mozaika u maloprodaji je 15219,1 RSD, a u na\u0161oj online trgovini, ga mo\u017eete dobiti za 12176,2 RSD. Prilikom izbora mozaika u glavnom ljubi\u010daste boji ne\u0107ete pogre\u0161iti Veli\u010dina 31,6&#215;31,6 cm mre\u017ee, na koju su pritvr\u0111ene mozaik plo\u010dice, je odli\u010dna za pokrivanje povr\u0161ine. Mozaik je debljine 4 mm, \u0161to ga \u010dini izuzetno tvrdim. Ove [&hellip;]<\/p>\n","protected":false},"featured_media":94772,"template":"","meta":[],"product_cat":[999405,400,999,410],"product_tag":[99950093],"_links":{"self":[{"href":"https:\/\/www.keramika.com\/srbija\/wp-json\/wp\/v2\/product\/94771"}],"collection":[{"href":"https:\/\/www.keramika.com\/srbija\/wp-json\/wp\/v2\/product"}],"about":[{"href":"https:\/\/www.keramika.com\/srbija\/wp-json\/wp\/v2\/types\/product"}],"wp:featuredmedia":[{"embeddable":true,"href":"https:\/\/www.keramika.com\/srbija\/wp-json\/wp\/v2\/media\/94772"}],"wp:attachment":[{"href":"https:\/\/www.keramika.com\/srbija\/wp-json\/wp\/v2\/media?parent=94771"}],"wp:term":[{"taxonomy":"product_cat","embeddable":true,"href":"https:\/\/www.keramika.com\/srbija\/wp-json\/wp\/v2\/product_cat?post=94771"},{"taxonomy":"product_tag","embeddable":true,"href":"https:\/\/www.keramika.com\/srbija\/wp-json\/wp\/v2\/product_tag?post=94771"}],"curies":[{"name":"wp","href":"https:\/\/api.w.org\/{rel}","templated":true}]}}