{"id":94769,"date":"2017-07-02T08:23:33","date_gmt":"2017-07-02T08:23:33","guid":{"rendered":"http:\/\/www.ceramictiles.com\/srbija\/product\/mosavit-mozaik-plocice-vintage-dot-jazmin\/"},"modified":"2026-01-04T00:00:13","modified_gmt":"2026-01-04T00:00:13","slug":"mosavit-mozaik-plocice-vintage-dot-jazmin","status":"publish","type":"product","link":"https:\/\/www.keramika.com\/srbija\/mosavit-mozaik-plocice-vintage-dot-jazmin\/","title":{"rendered":"Mosavit mozaik plo\u010dice Vintage Dot Jazmin"},"content":{"rendered":"<p>Veli\u010dina mre\u017ee 31,6&#215;31,6 cm nakoju je pritvr\u0111en, omogu\u0107ava pritvr\u0111ivanje na razli\u010dite povr\u0161ine. Redovna cena tog mozaika u maloprodaji je 15219,1 RSD, a u na\u0161oj online trgovini, ga mo\u017eete dobiti za 12176,2 RSD. Ovaj mozaik je 4 mm, te je vrlo je izdr\u017eljiv. Mozaik je iz \u0160panije , koja je poznata u svetu kao jedan od najboljih proizvo\u0111a\u010da mozaik plo\u010dica. Veoma moderan mozaik, dominantne plave boje, oboga\u0107uje savki prostor.<\/p>\n<p>Technical description: Min. 1 box \u2013 Delivery 30 Euro\/box in EU<\/p>\n","protected":false},"excerpt":{"rendered":"<p>Veli\u010dina mre\u017ee 31,6&#215;31,6 cm nakoju je pritvr\u0111en, omogu\u0107ava pritvr\u0111ivanje na razli\u010dite povr\u0161ine. Redovna cena tog mozaika u maloprodaji je 15219,1 RSD, a u na\u0161oj online trgovini, ga mo\u017eete dobiti za 12176,2 RSD. Ovaj mozaik je 4 mm, te je vrlo je izdr\u017eljiv. Mozaik je iz \u0160panije , koja je poznata u svetu kao jedan od [&hellip;]<\/p>\n","protected":false},"featured_media":94770,"template":"","meta":[],"product_cat":[999405,400,999,430],"product_tag":[],"_links":{"self":[{"href":"https:\/\/www.keramika.com\/srbija\/wp-json\/wp\/v2\/product\/94769"}],"collection":[{"href":"https:\/\/www.keramika.com\/srbija\/wp-json\/wp\/v2\/product"}],"about":[{"href":"https:\/\/www.keramika.com\/srbija\/wp-json\/wp\/v2\/types\/product"}],"wp:featuredmedia":[{"embeddable":true,"href":"https:\/\/www.keramika.com\/srbija\/wp-json\/wp\/v2\/media\/94770"}],"wp:attachment":[{"href":"https:\/\/www.keramika.com\/srbija\/wp-json\/wp\/v2\/media?parent=94769"}],"wp:term":[{"taxonomy":"product_cat","embeddable":true,"href":"https:\/\/www.keramika.com\/srbija\/wp-json\/wp\/v2\/product_cat?post=94769"},{"taxonomy":"product_tag","embeddable":true,"href":"https:\/\/www.keramika.com\/srbija\/wp-json\/wp\/v2\/product_tag?post=94769"}],"curies":[{"name":"wp","href":"https:\/\/api.w.org\/{rel}","templated":true}]}}