{"id":94767,"date":"2017-07-02T08:23:11","date_gmt":"2017-07-02T08:23:11","guid":{"rendered":"http:\/\/www.ceramictiles.com\/srbija\/product\/mosavit-mozaik-plocice-vintage-ankara\/"},"modified":"2026-01-04T00:00:13","modified_gmt":"2026-01-04T00:00:13","slug":"mosavit-mozaik-plocice-vintage-ankara","status":"publish","type":"product","link":"https:\/\/www.keramika.com\/srbija\/mosavit-mozaik-plocice-vintage-ankara\/","title":{"rendered":"Mosavit mozaik plo\u010dice Vintage Ankara"},"content":{"rendered":"<p>U maloprodaji je cena 15219,1 RSD, online cena, pa je samo 12176,2 RSD. Naj vi\u0161e se prodaju bele mozik plo\u010dice. Mosavit mosaic Vintage Ankara dolazi iz \u0160panije, koja je poznata po vrlo visokoj kvaliteta keramike u svetu. 4 mm debljine je dovoljno za zahtevnije kupce. Dimenzije mre\u017ee na koju je pritvr\u0111en mozaik je 31,6&#215;31,6 cm. Mre\u017ea omogu\u0107ava jednostavnu instalaciju.<\/p>\n<p>Technical description: Min. 1 box \u2013 Delivery 30 Euro\/box in EU<\/p>\n","protected":false},"excerpt":{"rendered":"<p>U maloprodaji je cena 15219,1 RSD, online cena, pa je samo 12176,2 RSD. Naj vi\u0161e se prodaju bele mozik plo\u010dice. Mosavit mosaic Vintage Ankara dolazi iz \u0160panije, koja je poznata po vrlo visokoj kvaliteta keramike u svetu. 4 mm debljine je dovoljno za zahtevnije kupce. Dimenzije mre\u017ee na koju je pritvr\u0111en mozaik je 31,6&#215;31,6 cm. [&hellip;]<\/p>\n","protected":false},"featured_media":94768,"template":"","meta":[],"product_cat":[999405,400,999,410],"product_tag":[99950093],"_links":{"self":[{"href":"https:\/\/www.keramika.com\/srbija\/wp-json\/wp\/v2\/product\/94767"}],"collection":[{"href":"https:\/\/www.keramika.com\/srbija\/wp-json\/wp\/v2\/product"}],"about":[{"href":"https:\/\/www.keramika.com\/srbija\/wp-json\/wp\/v2\/types\/product"}],"wp:featuredmedia":[{"embeddable":true,"href":"https:\/\/www.keramika.com\/srbija\/wp-json\/wp\/v2\/media\/94768"}],"wp:attachment":[{"href":"https:\/\/www.keramika.com\/srbija\/wp-json\/wp\/v2\/media?parent=94767"}],"wp:term":[{"taxonomy":"product_cat","embeddable":true,"href":"https:\/\/www.keramika.com\/srbija\/wp-json\/wp\/v2\/product_cat?post=94767"},{"taxonomy":"product_tag","embeddable":true,"href":"https:\/\/www.keramika.com\/srbija\/wp-json\/wp\/v2\/product_tag?post=94767"}],"curies":[{"name":"wp","href":"https:\/\/api.w.org\/{rel}","templated":true}]}}