{"id":94765,"date":"2017-07-02T08:22:52","date_gmt":"2017-07-02T08:22:52","guid":{"rendered":"http:\/\/www.ceramictiles.com\/srbija\/product\/mosavit-mozaik-plocice-urban-coffee\/"},"modified":"2026-01-04T00:00:12","modified_gmt":"2026-01-04T00:00:12","slug":"mosavit-mozaik-plocice-urban-coffee","status":"publish","type":"product","link":"https:\/\/www.keramika.com\/srbija\/mosavit-mozaik-plocice-urban-coffee\/","title":{"rendered":"Mosavit mozaik plo\u010dice Urban Coffee"},"content":{"rendered":"<p>Mozaik je pritvr\u0111en na mre\u017eu, \u0161to olak\u0161ava njegovu ugradnju. Veli\u010dina mre\u017ee je 31,6&#215;31,6 cm , te je pogodan je za razli\u010dite povr\u0161ine. Debljina plo\u010dice je vrlo va\u017ena, 4 mm &#8211; mozaik spada me\u0111u najkvalitetnije. U maloprodaji je cena 11662,15 RSD, online cena, pa je samo 9328,8 RSD. Ovaj mozaik je dostupan u prekrasnoj be\u017e dominantnoj boji. Ako \u017eelite da razli\u010dite boje kontaktirajte nas i mi \u0107emo proveriti kod proizvo\u0111a\u010da. Mozaik je iz \u0160panije , koja je poznata u svetu kao jedan od najboljih proizvo\u0111a\u010da mozaik plo\u010dica.<\/p>\n<p>Technical description: Min. 1 box \u2013 Delivery 30 Euro\/box in EU<\/p>\n","protected":false},"excerpt":{"rendered":"<p>Mozaik je pritvr\u0111en na mre\u017eu, \u0161to olak\u0161ava njegovu ugradnju. Veli\u010dina mre\u017ee je 31,6&#215;31,6 cm , te je pogodan je za razli\u010dite povr\u0161ine. Debljina plo\u010dice je vrlo va\u017ena, 4 mm &#8211; mozaik spada me\u0111u najkvalitetnije. U maloprodaji je cena 11662,15 RSD, online cena, pa je samo 9328,8 RSD. Ovaj mozaik je dostupan u prekrasnoj be\u017e dominantnoj [&hellip;]<\/p>\n","protected":false},"featured_media":94766,"template":"","meta":[],"product_cat":[999405,400,999,410],"product_tag":[99950093],"_links":{"self":[{"href":"https:\/\/www.keramika.com\/srbija\/wp-json\/wp\/v2\/product\/94765"}],"collection":[{"href":"https:\/\/www.keramika.com\/srbija\/wp-json\/wp\/v2\/product"}],"about":[{"href":"https:\/\/www.keramika.com\/srbija\/wp-json\/wp\/v2\/types\/product"}],"wp:featuredmedia":[{"embeddable":true,"href":"https:\/\/www.keramika.com\/srbija\/wp-json\/wp\/v2\/media\/94766"}],"wp:attachment":[{"href":"https:\/\/www.keramika.com\/srbija\/wp-json\/wp\/v2\/media?parent=94765"}],"wp:term":[{"taxonomy":"product_cat","embeddable":true,"href":"https:\/\/www.keramika.com\/srbija\/wp-json\/wp\/v2\/product_cat?post=94765"},{"taxonomy":"product_tag","embeddable":true,"href":"https:\/\/www.keramika.com\/srbija\/wp-json\/wp\/v2\/product_tag?post=94765"}],"curies":[{"name":"wp","href":"https:\/\/api.w.org\/{rel}","templated":true}]}}