{"id":94763,"date":"2017-07-02T08:22:32","date_gmt":"2017-07-02T08:22:32","guid":{"rendered":"http:\/\/www.ceramictiles.com\/srbija\/product\/mosavit-mozaik-plocice-travert-botticino\/"},"modified":"2026-01-04T00:00:12","modified_gmt":"2026-01-04T00:00:12","slug":"mosavit-mozaik-plocice-travert-botticino","status":"publish","type":"product","link":"https:\/\/www.keramika.com\/srbija\/mosavit-mozaik-plocice-travert-botticino\/","title":{"rendered":"Mosavit mozaik plo\u010dice Travert Botticino"},"content":{"rendered":"<p>Ovaj mozaik je proizveden od proizvo\u0111a\u010da Mosavit, iz \u0160panije. Namjesto 19585,65 RSD \u0161to je cena u maloprodaji, Vi pla\u0107ate samo 15668,75 RSD. Mozaik plo\u010dice bele boje, su izuzetno tra\u017eene. Mozaik plo\u010dice su na mre\u017ei, \u0161to olak\u0161ava njegovu instalaciju. Veli\u010dina mre\u017ee je 31,6&#215;31,6 cm. Mozaik je debljine 4 mm, \u0161to ga \u010dini izuzetno tvrdim.<\/p>\n<p>Technical description: Min. 1 box \u2013 Delivery 30 Euro\/box in EU<\/p>\n","protected":false},"excerpt":{"rendered":"<p>Ovaj mozaik je proizveden od proizvo\u0111a\u010da Mosavit, iz \u0160panije. Namjesto 19585,65 RSD \u0161to je cena u maloprodaji, Vi pla\u0107ate samo 15668,75 RSD. Mozaik plo\u010dice bele boje, su izuzetno tra\u017eene. Mozaik plo\u010dice su na mre\u017ei, \u0161to olak\u0161ava njegovu instalaciju. Veli\u010dina mre\u017ee je 31,6&#215;31,6 cm. Mozaik je debljine 4 mm, \u0161to ga \u010dini izuzetno tvrdim. Technical description: [&hellip;]<\/p>\n","protected":false},"featured_media":94764,"template":"","meta":[],"product_cat":[420,999405,400,999],"product_tag":[],"_links":{"self":[{"href":"https:\/\/www.keramika.com\/srbija\/wp-json\/wp\/v2\/product\/94763"}],"collection":[{"href":"https:\/\/www.keramika.com\/srbija\/wp-json\/wp\/v2\/product"}],"about":[{"href":"https:\/\/www.keramika.com\/srbija\/wp-json\/wp\/v2\/types\/product"}],"wp:featuredmedia":[{"embeddable":true,"href":"https:\/\/www.keramika.com\/srbija\/wp-json\/wp\/v2\/media\/94764"}],"wp:attachment":[{"href":"https:\/\/www.keramika.com\/srbija\/wp-json\/wp\/v2\/media?parent=94763"}],"wp:term":[{"taxonomy":"product_cat","embeddable":true,"href":"https:\/\/www.keramika.com\/srbija\/wp-json\/wp\/v2\/product_cat?post=94763"},{"taxonomy":"product_tag","embeddable":true,"href":"https:\/\/www.keramika.com\/srbija\/wp-json\/wp\/v2\/product_tag?post=94763"}],"curies":[{"name":"wp","href":"https:\/\/api.w.org\/{rel}","templated":true}]}}