{"id":94761,"date":"2017-07-02T08:22:11","date_gmt":"2017-07-02T08:22:11","guid":{"rendered":"http:\/\/www.ceramictiles.com\/srbija\/product\/mosavit-mozaik-plocice-travert-botticino-drops\/"},"modified":"2026-01-04T00:00:12","modified_gmt":"2026-01-04T00:00:12","slug":"mosavit-mozaik-plocice-travert-botticino-drops","status":"publish","type":"product","link":"https:\/\/www.keramika.com\/srbija\/mosavit-mozaik-plocice-travert-botticino-drops\/","title":{"rendered":"Mosavit mozaik plo\u010dice Travert Botticino Drops"},"content":{"rendered":"<p>Redovna cena tog mozaika u maloprodaji je 21383,1 RSD, a u na\u0161oj online trgovini, ga mo\u017eete dobiti za 17106,25 RSD. Naj vi\u0161e se prodaju bele mozik plo\u010dice. \u0160irina i du\u017eina mre\u017ee na koju je pritvr\u0111en mozaik je 31,6&#215;31,6 cm. Mre\u017ea se jednostavno mo\u017eete polo\u017eiti na razli\u010dite povr\u0161ine. plo\u010dica proizvo\u0111a\u010da Mosavit iz \u0160panije. Debljina plo\u010dice je vrlo va\u017ena, 4 mm &#8211; mozaik spada me\u0111u najkvalitetnije.<\/p>\n<p>Technical description: Min. 1 box \u2013 Delivery 30 Euro\/box in EU<\/p>\n","protected":false},"excerpt":{"rendered":"<p>Redovna cena tog mozaika u maloprodaji je 21383,1 RSD, a u na\u0161oj online trgovini, ga mo\u017eete dobiti za 17106,25 RSD. Naj vi\u0161e se prodaju bele mozik plo\u010dice. \u0160irina i du\u017eina mre\u017ee na koju je pritvr\u0111en mozaik je 31,6&#215;31,6 cm. Mre\u017ea se jednostavno mo\u017eete polo\u017eiti na razli\u010dite povr\u0161ine. plo\u010dica proizvo\u0111a\u010da Mosavit iz \u0160panije. Debljina plo\u010dice je [&hellip;]<\/p>\n","protected":false},"featured_media":94762,"template":"","meta":[],"product_cat":[420,999405,400,999],"product_tag":[],"_links":{"self":[{"href":"https:\/\/www.keramika.com\/srbija\/wp-json\/wp\/v2\/product\/94761"}],"collection":[{"href":"https:\/\/www.keramika.com\/srbija\/wp-json\/wp\/v2\/product"}],"about":[{"href":"https:\/\/www.keramika.com\/srbija\/wp-json\/wp\/v2\/types\/product"}],"wp:featuredmedia":[{"embeddable":true,"href":"https:\/\/www.keramika.com\/srbija\/wp-json\/wp\/v2\/media\/94762"}],"wp:attachment":[{"href":"https:\/\/www.keramika.com\/srbija\/wp-json\/wp\/v2\/media?parent=94761"}],"wp:term":[{"taxonomy":"product_cat","embeddable":true,"href":"https:\/\/www.keramika.com\/srbija\/wp-json\/wp\/v2\/product_cat?post=94761"},{"taxonomy":"product_tag","embeddable":true,"href":"https:\/\/www.keramika.com\/srbija\/wp-json\/wp\/v2\/product_tag?post=94761"}],"curies":[{"name":"wp","href":"https:\/\/api.w.org\/{rel}","templated":true}]}}