{"id":94757,"date":"2017-07-02T08:21:21","date_gmt":"2017-07-02T08:21:21","guid":{"rendered":"http:\/\/www.ceramictiles.com\/srbija\/product\/mosavit-mozaik-plocice-toscana\/"},"modified":"2026-01-04T00:00:12","modified_gmt":"2026-01-04T00:00:12","slug":"mosavit-mozaik-plocice-toscana","status":"publish","type":"product","link":"https:\/\/www.keramika.com\/srbija\/mosavit-mozaik-plocice-toscana\/","title":{"rendered":"Mosavit mozaik plo\u010dice Toscana"},"content":{"rendered":"<p>\u0160irina i du\u017eina mre\u017ee na koju je pritvr\u0111en mozaik je 31,6&#215;31,6 cm. Mre\u017ea se jednostavno mo\u017eete polo\u017eiti na razli\u010dite povr\u0161ine. Prilikom izbora mozaika u glavnom be\u017e boji ne\u0107ete pogre\u0161iti Mosavit mosaic Toscana je proizvod iz \u0160panije te je izuzetno kvalitetna. U maloprodaji je cena 15093,75 RSD, online cena, pa je samo 12075 RSD. 4 mm debljina \u0107e zadovoljiti i najzahtevnije kupce.<\/p>\n<p>Technical description: Min. 1 box \u2013 Delivery 30 Euro\/box in EU<\/p>\n","protected":false},"excerpt":{"rendered":"<p>\u0160irina i du\u017eina mre\u017ee na koju je pritvr\u0111en mozaik je 31,6&#215;31,6 cm. Mre\u017ea se jednostavno mo\u017eete polo\u017eiti na razli\u010dite povr\u0161ine. Prilikom izbora mozaika u glavnom be\u017e boji ne\u0107ete pogre\u0161iti Mosavit mosaic Toscana je proizvod iz \u0160panije te je izuzetno kvalitetna. U maloprodaji je cena 15093,75 RSD, online cena, pa je samo 12075 RSD. 4 mm [&hellip;]<\/p>\n","protected":false},"featured_media":94758,"template":"","meta":[],"product_cat":[999405,400,999,410],"product_tag":[99950093],"_links":{"self":[{"href":"https:\/\/www.keramika.com\/srbija\/wp-json\/wp\/v2\/product\/94757"}],"collection":[{"href":"https:\/\/www.keramika.com\/srbija\/wp-json\/wp\/v2\/product"}],"about":[{"href":"https:\/\/www.keramika.com\/srbija\/wp-json\/wp\/v2\/types\/product"}],"wp:featuredmedia":[{"embeddable":true,"href":"https:\/\/www.keramika.com\/srbija\/wp-json\/wp\/v2\/media\/94758"}],"wp:attachment":[{"href":"https:\/\/www.keramika.com\/srbija\/wp-json\/wp\/v2\/media?parent=94757"}],"wp:term":[{"taxonomy":"product_cat","embeddable":true,"href":"https:\/\/www.keramika.com\/srbija\/wp-json\/wp\/v2\/product_cat?post=94757"},{"taxonomy":"product_tag","embeddable":true,"href":"https:\/\/www.keramika.com\/srbija\/wp-json\/wp\/v2\/product_tag?post=94757"}],"curies":[{"name":"wp","href":"https:\/\/api.w.org\/{rel}","templated":true}]}}