{"id":94755,"date":"2017-07-02T08:20:59","date_gmt":"2017-07-02T08:20:59","guid":{"rendered":"http:\/\/www.ceramictiles.com\/srbija\/product\/mosavit-mozaik-plocice-tate-mix\/"},"modified":"2026-01-04T00:00:12","modified_gmt":"2026-01-04T00:00:12","slug":"mosavit-mozaik-plocice-tate-mix","status":"publish","type":"product","link":"https:\/\/www.keramika.com\/srbija\/mosavit-mozaik-plocice-tate-mix\/","title":{"rendered":"Mosavit mozaik plo\u010dice Tate Mix"},"content":{"rendered":"<p>Mosavit mosaic Tate Mix je dostupna po vrlo povoljnim cenama 11356,25 RSD. plo\u010dica proizvo\u0111a\u010da Mosavit iz \u0160panije. Debljina plo\u010dice je vrlo va\u017ena, 4 mm &#8211; mozaik spada me\u0111u najkvalitetnije. Veli\u010dina mre\u017ee sa mozaikom je 31,6&#215;31,6 cm, \u0161to omogu\u0107ava jednostavnu ugradnju. Plo\u010dice bele boje osvje\u017eit \u0107e svaki prostor.<\/p>\n<p>Technical description: Min. 1 box \u2013 Delivery 30 Euro\/box in EU<\/p>\n","protected":false},"excerpt":{"rendered":"<p>Mosavit mosaic Tate Mix je dostupna po vrlo povoljnim cenama 11356,25 RSD. plo\u010dica proizvo\u0111a\u010da Mosavit iz \u0160panije. Debljina plo\u010dice je vrlo va\u017ena, 4 mm &#8211; mozaik spada me\u0111u najkvalitetnije. Veli\u010dina mre\u017ee sa mozaikom je 31,6&#215;31,6 cm, \u0161to omogu\u0107ava jednostavnu ugradnju. Plo\u010dice bele boje osvje\u017eit \u0107e svaki prostor. Technical description: Min. 1 box \u2013 Delivery 30 [&hellip;]<\/p>\n","protected":false},"featured_media":94756,"template":"","meta":[],"product_cat":[999405,400,999,410],"product_tag":[99950093],"_links":{"self":[{"href":"https:\/\/www.keramika.com\/srbija\/wp-json\/wp\/v2\/product\/94755"}],"collection":[{"href":"https:\/\/www.keramika.com\/srbija\/wp-json\/wp\/v2\/product"}],"about":[{"href":"https:\/\/www.keramika.com\/srbija\/wp-json\/wp\/v2\/types\/product"}],"wp:featuredmedia":[{"embeddable":true,"href":"https:\/\/www.keramika.com\/srbija\/wp-json\/wp\/v2\/media\/94756"}],"wp:attachment":[{"href":"https:\/\/www.keramika.com\/srbija\/wp-json\/wp\/v2\/media?parent=94755"}],"wp:term":[{"taxonomy":"product_cat","embeddable":true,"href":"https:\/\/www.keramika.com\/srbija\/wp-json\/wp\/v2\/product_cat?post=94755"},{"taxonomy":"product_tag","embeddable":true,"href":"https:\/\/www.keramika.com\/srbija\/wp-json\/wp\/v2\/product_tag?post=94755"}],"curies":[{"name":"wp","href":"https:\/\/api.w.org\/{rel}","templated":true}]}}