{"id":94751,"date":"2017-07-02T08:20:18","date_gmt":"2017-07-02T08:20:18","guid":{"rendered":"http:\/\/www.ceramictiles.com\/srbija\/product\/mosavit-mozaik-plocice-tanzanian-leather\/"},"modified":"2026-01-04T00:00:11","modified_gmt":"2026-01-04T00:00:11","slug":"mosavit-mozaik-plocice-tanzanian-leather","status":"publish","type":"product","link":"https:\/\/www.keramika.com\/srbija\/mosavit-mozaik-plocice-tanzanian-leather\/","title":{"rendered":"Mosavit mozaik plo\u010dice Tanzanian Leather"},"content":{"rendered":"<p>Mozaik je debljine 4 mm, \u0161to ga \u010dini izuzetno tvrdim. Mozaik je pritvr\u0111en na mre\u017eu, \u0161to olak\u0161ava njegovu ugradnju. Veli\u010dina mre\u017ee je 31,6&#215;31,6 cm , te je pogodan je za razli\u010dite povr\u0161ine. Namjesto 92898,15 RSD \u0161to je cena u maloprodaji, Vi pla\u0107ate samo 74318,75 RSD. plo\u010dica proizvo\u0111a\u010da Mosavit iz \u0160panije. Ove lepe, mozaik plo\u010dice be\u017e boje, \u0107e obogatiti svaki prostor.<\/p>\n<p>Technical description: Min. 1 box \u2013 Delivery 30 Euro\/box in EU<\/p>\n","protected":false},"excerpt":{"rendered":"<p>Mozaik je debljine 4 mm, \u0161to ga \u010dini izuzetno tvrdim. Mozaik je pritvr\u0111en na mre\u017eu, \u0161to olak\u0161ava njegovu ugradnju. Veli\u010dina mre\u017ee je 31,6&#215;31,6 cm , te je pogodan je za razli\u010dite povr\u0161ine. Namjesto 92898,15 RSD \u0161to je cena u maloprodaji, Vi pla\u0107ate samo 74318,75 RSD. plo\u010dica proizvo\u0111a\u010da Mosavit iz \u0160panije. Ove lepe, mozaik plo\u010dice be\u017e [&hellip;]<\/p>\n","protected":false},"featured_media":94752,"template":"","meta":[],"product_cat":[999405,400,999,410],"product_tag":[],"_links":{"self":[{"href":"https:\/\/www.keramika.com\/srbija\/wp-json\/wp\/v2\/product\/94751"}],"collection":[{"href":"https:\/\/www.keramika.com\/srbija\/wp-json\/wp\/v2\/product"}],"about":[{"href":"https:\/\/www.keramika.com\/srbija\/wp-json\/wp\/v2\/types\/product"}],"wp:featuredmedia":[{"embeddable":true,"href":"https:\/\/www.keramika.com\/srbija\/wp-json\/wp\/v2\/media\/94752"}],"wp:attachment":[{"href":"https:\/\/www.keramika.com\/srbija\/wp-json\/wp\/v2\/media?parent=94751"}],"wp:term":[{"taxonomy":"product_cat","embeddable":true,"href":"https:\/\/www.keramika.com\/srbija\/wp-json\/wp\/v2\/product_cat?post=94751"},{"taxonomy":"product_tag","embeddable":true,"href":"https:\/\/www.keramika.com\/srbija\/wp-json\/wp\/v2\/product_tag?post=94751"}],"curies":[{"name":"wp","href":"https:\/\/api.w.org\/{rel}","templated":true}]}}