{"id":94747,"date":"2017-07-02T08:19:36","date_gmt":"2017-07-02T08:19:36","guid":{"rendered":"http:\/\/www.ceramictiles.com\/srbija\/product\/mosavit-mozaik-plocice-spanish-fan\/"},"modified":"2026-01-04T00:00:11","modified_gmt":"2026-01-04T00:00:11","slug":"mosavit-mozaik-plocice-spanish-fan","status":"publish","type":"product","link":"https:\/\/www.keramika.com\/srbija\/mosavit-mozaik-plocice-spanish-fan\/","title":{"rendered":"Mosavit mozaik plo\u010dice Spanish Fan"},"content":{"rendered":"<p>Namjesto 92898,15 RSD \u0161to je cena u maloprodaji, Vi pla\u0107ate samo 74318,75 RSD. Debljina od 4 mm ovog mozaika ga \u010dini vrlo izdr\u017eljivim i prijatnim na dodir. Plo\u010dice bele boje osvje\u017eit \u0107e svaki prostor. Mosavit mosaic Spanish Fan dolazi iz \u0160panije, koja je poznata po vrlo visokoj kvaliteta keramike u svetu. Mozaik plo\u010dice su na mre\u017ei, \u0161to olak\u0161ava njegovu instalaciju. Veli\u010dina mre\u017ee je 31,6&#215;31,6 cm.<\/p>\n<p>Technical description: Min. 1 box \u2013 Delivery 30 Euro\/box in EU<\/p>\n","protected":false},"excerpt":{"rendered":"<p>Namjesto 92898,15 RSD \u0161to je cena u maloprodaji, Vi pla\u0107ate samo 74318,75 RSD. Debljina od 4 mm ovog mozaika ga \u010dini vrlo izdr\u017eljivim i prijatnim na dodir. Plo\u010dice bele boje osvje\u017eit \u0107e svaki prostor. Mosavit mosaic Spanish Fan dolazi iz \u0160panije, koja je poznata po vrlo visokoj kvaliteta keramike u svetu. Mozaik plo\u010dice su na [&hellip;]<\/p>\n","protected":false},"featured_media":94748,"template":"","meta":[],"product_cat":[999405,400,999,410],"product_tag":[],"_links":{"self":[{"href":"https:\/\/www.keramika.com\/srbija\/wp-json\/wp\/v2\/product\/94747"}],"collection":[{"href":"https:\/\/www.keramika.com\/srbija\/wp-json\/wp\/v2\/product"}],"about":[{"href":"https:\/\/www.keramika.com\/srbija\/wp-json\/wp\/v2\/types\/product"}],"wp:featuredmedia":[{"embeddable":true,"href":"https:\/\/www.keramika.com\/srbija\/wp-json\/wp\/v2\/media\/94748"}],"wp:attachment":[{"href":"https:\/\/www.keramika.com\/srbija\/wp-json\/wp\/v2\/media?parent=94747"}],"wp:term":[{"taxonomy":"product_cat","embeddable":true,"href":"https:\/\/www.keramika.com\/srbija\/wp-json\/wp\/v2\/product_cat?post=94747"},{"taxonomy":"product_tag","embeddable":true,"href":"https:\/\/www.keramika.com\/srbija\/wp-json\/wp\/v2\/product_tag?post=94747"}],"curies":[{"name":"wp","href":"https:\/\/api.w.org\/{rel}","templated":true}]}}