{"id":94745,"date":"2017-07-02T08:19:14","date_gmt":"2017-07-02T08:19:14","guid":{"rendered":"http:\/\/www.ceramictiles.com\/srbija\/product\/mosavit-mozaik-plocice-sirian-damasco\/"},"modified":"2026-01-04T00:00:11","modified_gmt":"2026-01-04T00:00:11","slug":"mosavit-mozaik-plocice-sirian-damasco","status":"publish","type":"product","link":"https:\/\/www.keramika.com\/srbija\/mosavit-mozaik-plocice-sirian-damasco\/","title":{"rendered":"Mosavit mozaik plo\u010dice Sirian Damasco"},"content":{"rendered":"<p>plo\u010dica proizvo\u0111a\u010da Mosavit iz \u0160panije. Naj vi\u0161e se prodaju be\u017e mozik plo\u010dice. Debljina od 4 mm ovog mozaika ga \u010dini vrlo izdr\u017eljivim i prijatnim na dodir. Veli\u010dina 31,6&#215;31,6 cm mre\u017ee, na koju su pritvr\u0111ene mozaik plo\u010dice, je odli\u010dna za pokrivanje povr\u0161ine. Redovna cena tog mozaika u maloprodaji je 92898,15 RSD, a u na\u0161oj online trgovini, ga mo\u017eete dobiti za 74318,75 RSD.<\/p>\n<p>Technical description: Min. 1 box \u2013 Delivery 30 Euro\/box in EU<\/p>\n","protected":false},"excerpt":{"rendered":"<p>plo\u010dica proizvo\u0111a\u010da Mosavit iz \u0160panije. Naj vi\u0161e se prodaju be\u017e mozik plo\u010dice. Debljina od 4 mm ovog mozaika ga \u010dini vrlo izdr\u017eljivim i prijatnim na dodir. Veli\u010dina 31,6&#215;31,6 cm mre\u017ee, na koju su pritvr\u0111ene mozaik plo\u010dice, je odli\u010dna za pokrivanje povr\u0161ine. Redovna cena tog mozaika u maloprodaji je 92898,15 RSD, a u na\u0161oj online trgovini, [&hellip;]<\/p>\n","protected":false},"featured_media":94746,"template":"","meta":[],"product_cat":[999405,400,999,410],"product_tag":[],"_links":{"self":[{"href":"https:\/\/www.keramika.com\/srbija\/wp-json\/wp\/v2\/product\/94745"}],"collection":[{"href":"https:\/\/www.keramika.com\/srbija\/wp-json\/wp\/v2\/product"}],"about":[{"href":"https:\/\/www.keramika.com\/srbija\/wp-json\/wp\/v2\/types\/product"}],"wp:featuredmedia":[{"embeddable":true,"href":"https:\/\/www.keramika.com\/srbija\/wp-json\/wp\/v2\/media\/94746"}],"wp:attachment":[{"href":"https:\/\/www.keramika.com\/srbija\/wp-json\/wp\/v2\/media?parent=94745"}],"wp:term":[{"taxonomy":"product_cat","embeddable":true,"href":"https:\/\/www.keramika.com\/srbija\/wp-json\/wp\/v2\/product_cat?post=94745"},{"taxonomy":"product_tag","embeddable":true,"href":"https:\/\/www.keramika.com\/srbija\/wp-json\/wp\/v2\/product_tag?post=94745"}],"curies":[{"name":"wp","href":"https:\/\/api.w.org\/{rel}","templated":true}]}}