{"id":94743,"date":"2017-07-02T08:18:52","date_gmt":"2017-07-02T08:18:52","guid":{"rendered":"http:\/\/www.ceramictiles.com\/srbija\/product\/mosavit-mozaik-plocice-scottish-pattern\/"},"modified":"2026-01-04T00:00:11","modified_gmt":"2026-01-04T00:00:11","slug":"mosavit-mozaik-plocice-scottish-pattern","status":"publish","type":"product","link":"https:\/\/www.keramika.com\/srbija\/mosavit-mozaik-plocice-scottish-pattern\/","title":{"rendered":"Mosavit mozaik plo\u010dice Scottish Pattern"},"content":{"rendered":"<p>Mosavit mosaic Scottish Pattern dolazi iz \u0160panije, koja je poznata po vrlo visokoj kvaliteta keramike u svetu. Veli\u010dina mre\u017ee sa mozaikom je 31,6&#215;31,6 cm, \u0161to omogu\u0107ava jednostavnu ugradnju. Na na\u0161em sajtu, \u0107e te dobiti mozaik za samo 66412,5 RSD, dok je u maloprodaji 83016,2 RSD. Naj vi\u0161e se prodaju bele mozik plo\u010dice. Debljina od 4 mm ovog mozaika ga \u010dini vrlo izdr\u017eljivim i prijatnim na dodir.<\/p>\n<p>Technical description: Min. 1 box \u2013 Delivery 30 Euro\/box in EU<\/p>\n","protected":false},"excerpt":{"rendered":"<p>Mosavit mosaic Scottish Pattern dolazi iz \u0160panije, koja je poznata po vrlo visokoj kvaliteta keramike u svetu. Veli\u010dina mre\u017ee sa mozaikom je 31,6&#215;31,6 cm, \u0161to omogu\u0107ava jednostavnu ugradnju. Na na\u0161em sajtu, \u0107e te dobiti mozaik za samo 66412,5 RSD, dok je u maloprodaji 83016,2 RSD. Naj vi\u0161e se prodaju bele mozik plo\u010dice. Debljina od 4 [&hellip;]<\/p>\n","protected":false},"featured_media":94744,"template":"","meta":[],"product_cat":[999405,400,999,410],"product_tag":[],"_links":{"self":[{"href":"https:\/\/www.keramika.com\/srbija\/wp-json\/wp\/v2\/product\/94743"}],"collection":[{"href":"https:\/\/www.keramika.com\/srbija\/wp-json\/wp\/v2\/product"}],"about":[{"href":"https:\/\/www.keramika.com\/srbija\/wp-json\/wp\/v2\/types\/product"}],"wp:featuredmedia":[{"embeddable":true,"href":"https:\/\/www.keramika.com\/srbija\/wp-json\/wp\/v2\/media\/94744"}],"wp:attachment":[{"href":"https:\/\/www.keramika.com\/srbija\/wp-json\/wp\/v2\/media?parent=94743"}],"wp:term":[{"taxonomy":"product_cat","embeddable":true,"href":"https:\/\/www.keramika.com\/srbija\/wp-json\/wp\/v2\/product_cat?post=94743"},{"taxonomy":"product_tag","embeddable":true,"href":"https:\/\/www.keramika.com\/srbija\/wp-json\/wp\/v2\/product_tag?post=94743"}],"curies":[{"name":"wp","href":"https:\/\/api.w.org\/{rel}","templated":true}]}}