{"id":94739,"date":"2017-07-02T08:18:17","date_gmt":"2017-07-02T08:18:17","guid":{"rendered":"http:\/\/www.ceramictiles.com\/srbija\/product\/mosavit-mozaik-plocice-provence-mix\/"},"modified":"2026-01-04T00:00:10","modified_gmt":"2026-01-04T00:00:10","slug":"mosavit-mozaik-plocice-provence-mix","status":"publish","type":"product","link":"https:\/\/www.keramika.com\/srbija\/mosavit-mozaik-plocice-provence-mix\/","title":{"rendered":"Mosavit mozaik plo\u010dice Provence Mix"},"content":{"rendered":"<p>Namjesto 43483,8 RSD \u0161to je cena u maloprodaji, Vi pla\u0107ate samo 34787,5 RSD. Mosavit mosaic Provence Mix dolazi iz \u0160panije, koja je poznata po vrlo visokoj kvaliteta keramike u svetu. Prilikom izbora mozaika u glavnom be\u017e boji ne\u0107ete pogre\u0161iti Mozaik je debljine 4 mm, \u0161to ga \u010dini izuzetno tvrdim. Mozaik plo\u010dice su na mre\u017ei, \u0161to olak\u0161ava njegovu instalaciju. Veli\u010dina mre\u017ee je 31,6&#215;31,6 cm.<\/p>\n<p>Technical description: Min. 1 box \u2013 Delivery 30 Euro\/box in EU<\/p>\n","protected":false},"excerpt":{"rendered":"<p>Namjesto 43483,8 RSD \u0161to je cena u maloprodaji, Vi pla\u0107ate samo 34787,5 RSD. Mosavit mosaic Provence Mix dolazi iz \u0160panije, koja je poznata po vrlo visokoj kvaliteta keramike u svetu. Prilikom izbora mozaika u glavnom be\u017e boji ne\u0107ete pogre\u0161iti Mozaik je debljine 4 mm, \u0161to ga \u010dini izuzetno tvrdim. Mozaik plo\u010dice su na mre\u017ei, \u0161to [&hellip;]<\/p>\n","protected":false},"featured_media":94740,"template":"","meta":[],"product_cat":[999405,400,999,410],"product_tag":[99950093],"_links":{"self":[{"href":"https:\/\/www.keramika.com\/srbija\/wp-json\/wp\/v2\/product\/94739"}],"collection":[{"href":"https:\/\/www.keramika.com\/srbija\/wp-json\/wp\/v2\/product"}],"about":[{"href":"https:\/\/www.keramika.com\/srbija\/wp-json\/wp\/v2\/types\/product"}],"wp:featuredmedia":[{"embeddable":true,"href":"https:\/\/www.keramika.com\/srbija\/wp-json\/wp\/v2\/media\/94740"}],"wp:attachment":[{"href":"https:\/\/www.keramika.com\/srbija\/wp-json\/wp\/v2\/media?parent=94739"}],"wp:term":[{"taxonomy":"product_cat","embeddable":true,"href":"https:\/\/www.keramika.com\/srbija\/wp-json\/wp\/v2\/product_cat?post=94739"},{"taxonomy":"product_tag","embeddable":true,"href":"https:\/\/www.keramika.com\/srbija\/wp-json\/wp\/v2\/product_tag?post=94739"}],"curies":[{"name":"wp","href":"https:\/\/api.w.org\/{rel}","templated":true}]}}