{"id":94737,"date":"2017-07-02T08:17:55","date_gmt":"2017-07-02T08:17:55","guid":{"rendered":"http:\/\/www.ceramictiles.com\/srbija\/product\/mosavit-mozaik-plocice-piedra-noa-mix\/"},"modified":"2026-01-04T00:00:10","modified_gmt":"2026-01-04T00:00:10","slug":"mosavit-mozaik-plocice-piedra-noa-mix","status":"publish","type":"product","link":"https:\/\/www.keramika.com\/srbija\/mosavit-mozaik-plocice-piedra-noa-mix\/","title":{"rendered":"Mosavit mozaik plo\u010dice Piedra Noa Mix"},"content":{"rendered":"<p>Plo\u010dice bele boje osvje\u017eit \u0107e svaki prostor. Mosavit mosaic Piedra Noa Mix je dostupna po vrlo povoljnim cenama 9991,2 RSD. Mosavit mosaic Piedra Noa Mix je proizvod iz \u0160panije te je izuzetno kvalitetna. 4 mm debljina \u0107e zadovoljiti i najzahtevnije kupce. Veli\u010dina 30&#215;30 cm mre\u017ee, na koju su pritvr\u0111ene mozaik plo\u010dice, je odli\u010dna za pokrivanje povr\u0161ine.<\/p>\n<p>Technical description: Min. 1 box \u2013 Delivery 30 Euro\/box in EU<\/p>\n","protected":false},"excerpt":{"rendered":"<p>Plo\u010dice bele boje osvje\u017eit \u0107e svaki prostor. Mosavit mosaic Piedra Noa Mix je dostupna po vrlo povoljnim cenama 9991,2 RSD. Mosavit mosaic Piedra Noa Mix je proizvod iz \u0160panije te je izuzetno kvalitetna. 4 mm debljina \u0107e zadovoljiti i najzahtevnije kupce. Veli\u010dina 30&#215;30 cm mre\u017ee, na koju su pritvr\u0111ene mozaik plo\u010dice, je odli\u010dna za pokrivanje [&hellip;]<\/p>\n","protected":false},"featured_media":94738,"template":"","meta":[],"product_cat":[420,999405,400,999],"product_tag":[],"_links":{"self":[{"href":"https:\/\/www.keramika.com\/srbija\/wp-json\/wp\/v2\/product\/94737"}],"collection":[{"href":"https:\/\/www.keramika.com\/srbija\/wp-json\/wp\/v2\/product"}],"about":[{"href":"https:\/\/www.keramika.com\/srbija\/wp-json\/wp\/v2\/types\/product"}],"wp:featuredmedia":[{"embeddable":true,"href":"https:\/\/www.keramika.com\/srbija\/wp-json\/wp\/v2\/media\/94738"}],"wp:attachment":[{"href":"https:\/\/www.keramika.com\/srbija\/wp-json\/wp\/v2\/media?parent=94737"}],"wp:term":[{"taxonomy":"product_cat","embeddable":true,"href":"https:\/\/www.keramika.com\/srbija\/wp-json\/wp\/v2\/product_cat?post=94737"},{"taxonomy":"product_tag","embeddable":true,"href":"https:\/\/www.keramika.com\/srbija\/wp-json\/wp\/v2\/product_tag?post=94737"}],"curies":[{"name":"wp","href":"https:\/\/api.w.org\/{rel}","templated":true}]}}