{"id":94735,"date":"2017-07-02T08:17:34","date_gmt":"2017-07-02T08:17:34","guid":{"rendered":"http:\/\/www.ceramictiles.com\/srbija\/product\/mosavit-mozaik-plocice-piedra-noa-blanca\/"},"modified":"2026-01-04T00:00:10","modified_gmt":"2026-01-04T00:00:10","slug":"mosavit-mozaik-plocice-piedra-noa-blanca","status":"publish","type":"product","link":"https:\/\/www.keramika.com\/srbija\/mosavit-mozaik-plocice-piedra-noa-blanca\/","title":{"rendered":"Mosavit mozaik plo\u010dice Piedra Noa Blanca"},"content":{"rendered":"<p>Mozaik plo\u010dice bele boje, su izuzetno tra\u017eene. Mosavit mosaic Piedra Noa Blanca je dostupna po vrlo povoljnim cenama 9991,2 RSD. Mozaik je pritvr\u0111en na mre\u017eu, \u0161to olak\u0161ava njegovu ugradnju. Veli\u010dina mre\u017ee je 30&#215;30 cm , te je pogodan je za razli\u010dite povr\u0161ine. plo\u010dica proizvo\u0111a\u010da Mosavit iz \u0160panije. Ovaj mozaik je 4 mm, te je vrlo je izdr\u017eljiv.<\/p>\n<p>Technical description: Min. 1 box \u2013 Delivery 30 Euro\/box in EU<\/p>\n","protected":false},"excerpt":{"rendered":"<p>Mozaik plo\u010dice bele boje, su izuzetno tra\u017eene. Mosavit mosaic Piedra Noa Blanca je dostupna po vrlo povoljnim cenama 9991,2 RSD. Mozaik je pritvr\u0111en na mre\u017eu, \u0161to olak\u0161ava njegovu ugradnju. Veli\u010dina mre\u017ee je 30&#215;30 cm , te je pogodan je za razli\u010dite povr\u0161ine. plo\u010dica proizvo\u0111a\u010da Mosavit iz \u0160panije. Ovaj mozaik je 4 mm, te je vrlo [&hellip;]<\/p>\n","protected":false},"featured_media":94736,"template":"","meta":[],"product_cat":[420,999405,400,999],"product_tag":[],"_links":{"self":[{"href":"https:\/\/www.keramika.com\/srbija\/wp-json\/wp\/v2\/product\/94735"}],"collection":[{"href":"https:\/\/www.keramika.com\/srbija\/wp-json\/wp\/v2\/product"}],"about":[{"href":"https:\/\/www.keramika.com\/srbija\/wp-json\/wp\/v2\/types\/product"}],"wp:featuredmedia":[{"embeddable":true,"href":"https:\/\/www.keramika.com\/srbija\/wp-json\/wp\/v2\/media\/94736"}],"wp:attachment":[{"href":"https:\/\/www.keramika.com\/srbija\/wp-json\/wp\/v2\/media?parent=94735"}],"wp:term":[{"taxonomy":"product_cat","embeddable":true,"href":"https:\/\/www.keramika.com\/srbija\/wp-json\/wp\/v2\/product_cat?post=94735"},{"taxonomy":"product_tag","embeddable":true,"href":"https:\/\/www.keramika.com\/srbija\/wp-json\/wp\/v2\/product_tag?post=94735"}],"curies":[{"name":"wp","href":"https:\/\/api.w.org\/{rel}","templated":true}]}}