{"id":94733,"date":"2017-09-04T08:17:15","date_gmt":"2017-09-04T08:17:15","guid":{"rendered":"http:\/\/www.ceramictiles.com\/srbija\/product\/mosavit-mozaik-plocice-piedra-negra\/"},"modified":"2026-01-04T00:00:10","modified_gmt":"2026-01-04T00:00:10","slug":"mosavit-mozaik-plocice-piedra-negra","status":"publish","type":"product","link":"https:\/\/www.keramika.com\/srbija\/mosavit-mozaik-plocice-piedra-negra\/","title":{"rendered":"Mosavit mozaik plo\u010dice Piedra Negra"},"content":{"rendered":"<p>Mozaik je debljine 4 mm, \u0161to ga \u010dini izuzetno tvrdim. Ovaj mozaik je proizveden od proizvo\u0111a\u010da Mosavit, iz \u0160panije. Mozaik je pritvr\u0111en na mre\u017eu, \u0161to olak\u0161ava njegovu ugradnju. Veli\u010dina mre\u017ee je 30&#215;30 cm , te je pogodan je za razli\u010dite povr\u0161ine. 9666,9 RSD je redovna prodajna cena keramike, tu pa samo 7733,75 RSD. Naj vi\u0161e se prodaju crne mozik plo\u010dice.<\/p>\n<p>Technical description: Min. 1 box \u2013 Delivery 30 Euro\/box in EU<\/p>\n","protected":false},"excerpt":{"rendered":"<p>Crni re\u010dni kameni mozaik<\/p>\n","protected":false},"featured_media":94734,"template":"","meta":[],"product_cat":[420,999405,400,999],"product_tag":[99950092,99950093],"_links":{"self":[{"href":"https:\/\/www.keramika.com\/srbija\/wp-json\/wp\/v2\/product\/94733"}],"collection":[{"href":"https:\/\/www.keramika.com\/srbija\/wp-json\/wp\/v2\/product"}],"about":[{"href":"https:\/\/www.keramika.com\/srbija\/wp-json\/wp\/v2\/types\/product"}],"wp:featuredmedia":[{"embeddable":true,"href":"https:\/\/www.keramika.com\/srbija\/wp-json\/wp\/v2\/media\/94734"}],"wp:attachment":[{"href":"https:\/\/www.keramika.com\/srbija\/wp-json\/wp\/v2\/media?parent=94733"}],"wp:term":[{"taxonomy":"product_cat","embeddable":true,"href":"https:\/\/www.keramika.com\/srbija\/wp-json\/wp\/v2\/product_cat?post=94733"},{"taxonomy":"product_tag","embeddable":true,"href":"https:\/\/www.keramika.com\/srbija\/wp-json\/wp\/v2\/product_tag?post=94733"}],"curies":[{"name":"wp","href":"https:\/\/api.w.org\/{rel}","templated":true}]}}