{"id":94731,"date":"2017-07-02T08:16:55","date_gmt":"2017-07-02T08:16:55","guid":{"rendered":"http:\/\/www.ceramictiles.com\/srbija\/product\/mosavit-mozaik-plocice-piedra-java\/"},"modified":"2026-01-04T00:00:10","modified_gmt":"2026-01-04T00:00:10","slug":"mosavit-mozaik-plocice-piedra-java","status":"publish","type":"product","link":"https:\/\/www.keramika.com\/srbija\/mosavit-mozaik-plocice-piedra-java\/","title":{"rendered":"Mosavit mozaik plo\u010dice Piedra Java"},"content":{"rendered":"<p>Mozaik je pritvr\u0111en na mre\u017eu, \u0161to olak\u0161ava njegovu ugradnju. Veli\u010dina mre\u017ee je 30&#215;30 cm , te je pogodan je za razli\u010dite povr\u0161ine. Ovaj mozaik je proizveden od proizvo\u0111a\u010da Mosavit, iz \u0160panije. U maloprodaji je cena 15273,15 RSD, online cena, pa je samo 12218,75 RSD. Debljina od 4 mm ovog mozaika ga \u010dini vrlo izdr\u017eljivim i prijatnim na dodir. Mozaik plo\u010dice bele boje, su izuzetno tra\u017eene.<\/p>\n<p>Technical description: Min. 1 box \u2013 Delivery 30 Euro\/box in EU<\/p>\n","protected":false},"excerpt":{"rendered":"<p>Mozaik je pritvr\u0111en na mre\u017eu, \u0161to olak\u0161ava njegovu ugradnju. Veli\u010dina mre\u017ee je 30&#215;30 cm , te je pogodan je za razli\u010dite povr\u0161ine. Ovaj mozaik je proizveden od proizvo\u0111a\u010da Mosavit, iz \u0160panije. U maloprodaji je cena 15273,15 RSD, online cena, pa je samo 12218,75 RSD. Debljina od 4 mm ovog mozaika ga \u010dini vrlo izdr\u017eljivim i [&hellip;]<\/p>\n","protected":false},"featured_media":94732,"template":"","meta":[],"product_cat":[420,999405,400,999],"product_tag":[],"_links":{"self":[{"href":"https:\/\/www.keramika.com\/srbija\/wp-json\/wp\/v2\/product\/94731"}],"collection":[{"href":"https:\/\/www.keramika.com\/srbija\/wp-json\/wp\/v2\/product"}],"about":[{"href":"https:\/\/www.keramika.com\/srbija\/wp-json\/wp\/v2\/types\/product"}],"wp:featuredmedia":[{"embeddable":true,"href":"https:\/\/www.keramika.com\/srbija\/wp-json\/wp\/v2\/media\/94732"}],"wp:attachment":[{"href":"https:\/\/www.keramika.com\/srbija\/wp-json\/wp\/v2\/media?parent=94731"}],"wp:term":[{"taxonomy":"product_cat","embeddable":true,"href":"https:\/\/www.keramika.com\/srbija\/wp-json\/wp\/v2\/product_cat?post=94731"},{"taxonomy":"product_tag","embeddable":true,"href":"https:\/\/www.keramika.com\/srbija\/wp-json\/wp\/v2\/product_tag?post=94731"}],"curies":[{"name":"wp","href":"https:\/\/api.w.org\/{rel}","templated":true}]}}