{"id":94727,"date":"2018-01-08T08:16:11","date_gmt":"2018-01-08T08:16:11","guid":{"rendered":"http:\/\/www.ceramictiles.com\/srbija\/product\/mosavit-mozaik-plocice-piedra-extra-blanca\/"},"modified":"2026-01-04T00:00:09","modified_gmt":"2026-01-04T00:00:09","slug":"mosavit-mozaik-plocice-piedra-extra-blanca","status":"publish","type":"product","link":"https:\/\/www.keramika.com\/srbija\/mosavit-mozaik-plocice-piedra-extra-blanca\/","title":{"rendered":"Mosavit mozaik plo\u010dice Piedra Extra Blanca"},"content":{"rendered":"<p>Plo\u010dice bele boje osvje\u017eit \u0107e svaki prostor. Mozaik je debljine 4 mm, \u0161to ga \u010dini izuzetno tvrdim. Mosavit mosaic Piedra Extra Blanca je proizvod iz \u0160panije te je izuzetno kvalitetna. Namjesto 11679,4 RSD \u0161to je cena u maloprodaji, Vi pla\u0107ate samo 9343,75 RSD. Dimenzije mre\u017ee na koju je pritvr\u0111en mozaik je 30&#215;30 cm. Mre\u017ea omogu\u0107ava jednostavnu instalaciju.<\/p>\n<p>Minimalna narud\u017eba, puna kutija.<br \/>\nDostava 30 eura \/ kutija na teritoriju EU.<\/p>\n","protected":false},"excerpt":{"rendered":"<p>Super beli mozaik od prirodnog kamena<\/p>\n","protected":false},"featured_media":94728,"template":"","meta":[],"product_cat":[420,999405,400,999],"product_tag":[99950092],"_links":{"self":[{"href":"https:\/\/www.keramika.com\/srbija\/wp-json\/wp\/v2\/product\/94727"}],"collection":[{"href":"https:\/\/www.keramika.com\/srbija\/wp-json\/wp\/v2\/product"}],"about":[{"href":"https:\/\/www.keramika.com\/srbija\/wp-json\/wp\/v2\/types\/product"}],"wp:featuredmedia":[{"embeddable":true,"href":"https:\/\/www.keramika.com\/srbija\/wp-json\/wp\/v2\/media\/94728"}],"wp:attachment":[{"href":"https:\/\/www.keramika.com\/srbija\/wp-json\/wp\/v2\/media?parent=94727"}],"wp:term":[{"taxonomy":"product_cat","embeddable":true,"href":"https:\/\/www.keramika.com\/srbija\/wp-json\/wp\/v2\/product_cat?post=94727"},{"taxonomy":"product_tag","embeddable":true,"href":"https:\/\/www.keramika.com\/srbija\/wp-json\/wp\/v2\/product_tag?post=94727"}],"curies":[{"name":"wp","href":"https:\/\/api.w.org\/{rel}","templated":true}]}}