{"id":94725,"date":"2017-09-04T08:15:53","date_gmt":"2017-09-04T08:15:53","guid":{"rendered":"http:\/\/www.ceramictiles.com\/srbija\/product\/mosavit-mozaik-plocice-piedra-beige\/"},"modified":"2026-01-04T00:00:09","modified_gmt":"2026-01-04T00:00:09","slug":"mosavit-mozaik-plocice-piedra-beige","status":"publish","type":"product","link":"https:\/\/www.keramika.com\/srbija\/mosavit-mozaik-plocice-piedra-beige\/","title":{"rendered":"Mosavit mozaik plo\u010dice Piedra Beige"},"content":{"rendered":"<p>Redovna cena tog mozaika u maloprodaji je 9666,9 RSD, a u na\u0161oj online trgovini, ga mo\u017eete dobiti za 7733,75 RSD. Plo\u010dice be\u017e boje osvje\u017eit \u0107e svaki prostor. Ove mozaik plo\u010dice doleaze iz \u0160panije, koja je poznata po kvalitetnom mozaiku. Veli\u010dina mre\u017ee 30&#215;30 cm nakoju je pritvr\u0111en, omogu\u0107ava pritvr\u0111ivanje na razli\u010dite povr\u0161ine. Mozaik je debljine 4 mm, \u0161to ga \u010dini izuzetno tvrdim.<\/p>\n<p>Technical description: Min. 1 box \u2013 Delivery 30 Euro\/box in EU<\/p>\n","protected":false},"excerpt":{"rendered":"<p>Mozaik od prirodnog kamena<\/p>\n","protected":false},"featured_media":94726,"template":"","meta":[],"product_cat":[420,999405,400,999],"product_tag":[99950092,99950093],"_links":{"self":[{"href":"https:\/\/www.keramika.com\/srbija\/wp-json\/wp\/v2\/product\/94725"}],"collection":[{"href":"https:\/\/www.keramika.com\/srbija\/wp-json\/wp\/v2\/product"}],"about":[{"href":"https:\/\/www.keramika.com\/srbija\/wp-json\/wp\/v2\/types\/product"}],"wp:featuredmedia":[{"embeddable":true,"href":"https:\/\/www.keramika.com\/srbija\/wp-json\/wp\/v2\/media\/94726"}],"wp:attachment":[{"href":"https:\/\/www.keramika.com\/srbija\/wp-json\/wp\/v2\/media?parent=94725"}],"wp:term":[{"taxonomy":"product_cat","embeddable":true,"href":"https:\/\/www.keramika.com\/srbija\/wp-json\/wp\/v2\/product_cat?post=94725"},{"taxonomy":"product_tag","embeddable":true,"href":"https:\/\/www.keramika.com\/srbija\/wp-json\/wp\/v2\/product_tag?post=94725"}],"curies":[{"name":"wp","href":"https:\/\/api.w.org\/{rel}","templated":true}]}}