{"id":94719,"date":"2017-07-02T08:14:47","date_gmt":"2017-07-02T08:14:47","guid":{"rendered":"http:\/\/www.ceramictiles.com\/srbija\/product\/mosavit-mozaik-plocice-patchwork-winter\/"},"modified":"2026-01-04T00:00:09","modified_gmt":"2026-01-04T00:00:09","slug":"mosavit-mozaik-plocice-patchwork-winter","status":"publish","type":"product","link":"https:\/\/www.keramika.com\/srbija\/mosavit-mozaik-plocice-patchwork-winter\/","title":{"rendered":"Mosavit mozaik plo\u010dice Patchwork Winter"},"content":{"rendered":"<p>Ovaj mozaik je 4 mm, te je vrlo je izdr\u017eljiv. Dimenzije mre\u017ee na koju je pritvr\u0111en mozaik je 30&#215;30 cm. Mre\u017ea omogu\u0107ava jednostavnu instalaciju. Plo\u010dice bele boje osvje\u017eit \u0107e svaki prostor. Zaradi ni\u017eih tro\u0161kova kod internetne prodaje, \u0107e te na na\u0161oj strani za taj mozaik platiti 12075 RSD. Ovaj mozaik je proizveden od proizvo\u0111a\u010da Mosavit, iz \u0160panije.<\/p>\n<p>Technical description: Min. 1 box \u2013 Delivery 30 Euro\/box in EU<\/p>\n","protected":false},"excerpt":{"rendered":"<p>Ovaj mozaik je 4 mm, te je vrlo je izdr\u017eljiv. Dimenzije mre\u017ee na koju je pritvr\u0111en mozaik je 30&#215;30 cm. Mre\u017ea omogu\u0107ava jednostavnu instalaciju. Plo\u010dice bele boje osvje\u017eit \u0107e svaki prostor. Zaradi ni\u017eih tro\u0161kova kod internetne prodaje, \u0107e te na na\u0161oj strani za taj mozaik platiti 12075 RSD. Ovaj mozaik je proizveden od proizvo\u0111a\u010da Mosavit, [&hellip;]<\/p>\n","protected":false},"featured_media":94720,"template":"","meta":[],"product_cat":[999405,400,999,410],"product_tag":[99950093],"_links":{"self":[{"href":"https:\/\/www.keramika.com\/srbija\/wp-json\/wp\/v2\/product\/94719"}],"collection":[{"href":"https:\/\/www.keramika.com\/srbija\/wp-json\/wp\/v2\/product"}],"about":[{"href":"https:\/\/www.keramika.com\/srbija\/wp-json\/wp\/v2\/types\/product"}],"wp:featuredmedia":[{"embeddable":true,"href":"https:\/\/www.keramika.com\/srbija\/wp-json\/wp\/v2\/media\/94720"}],"wp:attachment":[{"href":"https:\/\/www.keramika.com\/srbija\/wp-json\/wp\/v2\/media?parent=94719"}],"wp:term":[{"taxonomy":"product_cat","embeddable":true,"href":"https:\/\/www.keramika.com\/srbija\/wp-json\/wp\/v2\/product_cat?post=94719"},{"taxonomy":"product_tag","embeddable":true,"href":"https:\/\/www.keramika.com\/srbija\/wp-json\/wp\/v2\/product_tag?post=94719"}],"curies":[{"name":"wp","href":"https:\/\/api.w.org\/{rel}","templated":true}]}}